{"id":9446,"date":"2019-10-14T20:21:57","date_gmt":"2019-10-14T20:21:57","guid":{"rendered":"https:\/\/ignisfisioterapiagirona.cat\/el-nostre-equip\/"},"modified":"2024-01-10T13:09:48","modified_gmt":"2024-01-10T13:09:48","slug":"nuestro-equipo-fisioterapeutas","status":"publish","type":"page","link":"https:\/\/ignisfisioterapiagirona.cat\/es\/nuestro-equipo-fisioterapeutas\/","title":{"rendered":"Nuestro equipo"},"content":{"rendered":"<p>[et_pb_section fb_built=\u00bb1&#8243; _builder_version=\u00bb4.16&#8243; background_color_gradient_direction=\u00bb135deg\u00bb background_image=\u00bbhttps:\/\/ignisfisioterapiagirona.cat\/wp-content\/uploads\/2019\/10\/tractaments-fisioterapia.jpg\u00bb custom_padding=\u00bb90px|0px|75px|0px|false|false\u00bb box_shadow_style=\u00bbpreset1&#8243; box_shadow_vertical=\u00bb-6px\u00bb box_shadow_color=\u00bbrgba(0,0,0,0.15)\u00bb box_shadow_position=\u00bbinner\u00bb global_colors_info=\u00bb{}\u00bb][et_pb_row _builder_version=\u00bb4.16&#8243; custom_padding=\u00bb0|0px|0|0px|false|false\u00bb animation_style=\u00bbslide\u00bb animation_direction=\u00bbbottom\u00bb animation_duration=\u00bb2000ms\u00bb animation_intensity_slide=\u00bb4%\u00bb global_colors_info=\u00bb{}\u00bb][et_pb_column type=\u00bb4_4&#8243; _builder_version=\u00bb4.16&#8243; custom_padding=\u00bb|||\u00bb global_colors_info=\u00bb{}\u00bb custom_padding__hover=\u00bb|||\u00bb][et_pb_text _builder_version=\u00bb4.16&#8243; header_font=\u00bb|800||on|||||\u00bb header_text_align=\u00bbcenter\u00bb header_text_color=\u00bb#ffffff\u00bb header_font_size=\u00bb70px\u00bb custom_margin=\u00bb||15px\u00bb header_font_size_tablet=\u00bb\u00bb header_font_size_phone=\u00bb48px\u00bb header_font_size_last_edited=\u00bbon|phone\u00bb global_colors_info=\u00bb{}\u00bb]<\/p>\n<h1>Equipo Ignis<\/h1>\n<p>[\/et_pb_text][\/et_pb_column][\/et_pb_row][et_pb_row column_structure=\u00bb1_2,1_2&#8243; _builder_version=\u00bb4.16&#8243; max_width=\u00bb360px\u00bb animation_style=\u00bbslide\u00bb animation_direction=\u00bbbottom\u00bb animation_duration=\u00bb2000ms\u00bb animation_delay=\u00bb200ms\u00bb animation_intensity_slide=\u00bb4%\u00bb use_custom_width=\u00bbon\u00bb custom_width_px=\u00bb360px\u00bb global_colors_info=\u00bb{}\u00bb][et_pb_column type=\u00bb1_2&#8243; _builder_version=\u00bb4.16&#8243; custom_padding=\u00bb|||\u00bb global_colors_info=\u00bb{}\u00bb custom_padding__hover=\u00bb|||\u00bb][et_pb_button button_url=\u00bbhttps:\/\/ignisfisioterapiagirona.cat\/es\/contacto\/\u00bb button_text=\u00bbContactar\u00bb button_alignment=\u00bbcenter\u00bb _builder_version=\u00bb4.16&#8243; custom_button=\u00bbon\u00bb button_text_size=\u00bb16px\u00bb button_text_color=\u00bb#d38c3f\u00bb button_bg_color=\u00bb#ffffff\u00bb button_border_width=\u00bb0px\u00bb button_border_radius=\u00bb0px\u00bb button_font=\u00bb|||on|||||\u00bb button_use_icon=\u00bboff\u00bb custom_padding=\u00bb|25px|4px|25px||true\u00bb global_colors_info=\u00bb{}\u00bb][\/et_pb_button][\/et_pb_column][et_pb_column type=\u00bb1_2&#8243; _builder_version=\u00bb4.16&#8243; custom_padding=\u00bb|||\u00bb global_colors_info=\u00bb{}\u00bb custom_padding__hover=\u00bb|||\u00bb][et_pb_button button_url=\u00bbhttps:\/\/ignisfisioterapiagirona.cat\/es\/tratamientos\/\u00bb button_text=\u00bbTratamientos\u00bb button_alignment=\u00bbcenter\u00bb _builder_version=\u00bb4.16&#8243; custom_button=\u00bbon\u00bb button_text_size=\u00bb16px\u00bb button_text_color=\u00bb#FFFFFF\u00bb button_bg_color=\u00bb#d38c3f\u00bb button_border_width=\u00bb0px\u00bb button_border_radius=\u00bb0px\u00bb button_font=\u00bb|||on|||||\u00bb button_use_icon=\u00bboff\u00bb custom_padding=\u00bb|25px|4px|25px||true\u00bb global_colors_info=\u00bb{}\u00bb][\/et_pb_button][\/et_pb_column][\/et_pb_row][\/et_pb_section][et_pb_section fb_built=\u00bb1&#8243; _builder_version=\u00bb4.16&#8243; background_color=\u00bb#f5f5f5&#8243; global_colors_info=\u00bb{}\u00bb][et_pb_row _builder_version=\u00bb4.16&#8243; global_colors_info=\u00bb{}\u00bb][et_pb_column type=\u00bb4_4&#8243; _builder_version=\u00bb4.16&#8243; custom_padding=\u00bb|||\u00bb global_colors_info=\u00bb{}\u00bb custom_padding__hover=\u00bb|||\u00bb][et_pb_text _builder_version=\u00bb4.16&#8243; header_font=\u00bb||||||||\u00bb header_2_font=\u00bb|800|||||||\u00bb header_2_text_align=\u00bbcenter\u00bb header_2_font_size=\u00bb48px\u00bb custom_margin=\u00bb||35px\u00bb animation_style=\u00bbslide\u00bb animation_direction=\u00bbleft\u00bb animation_duration=\u00bb2000ms\u00bb animation_intensity_slide=\u00bb8%\u00bb header_2_font_size_tablet=\u00bb\u00bb header_2_font_size_phone=\u00bb40px\u00bb header_2_font_size_last_edited=\u00bbon|phone\u00bb global_colors_info=\u00bb{}\u00bb]<\/p>\n<h2>Nuestro equipo<\/h2>\n<p>[\/et_pb_text][et_pb_divider divider_weight=\u00bb7px\u00bb _builder_version=\u00bb4.16&#8243; max_width=\u00bb16%\u00bb module_alignment=\u00bbcenter\u00bb animation_direction=\u00bbright\u00bb global_colors_info=\u00bb{}\u00bb][\/et_pb_divider][et_pb_text _builder_version=\u00bb4.16&#8243; text_font=\u00bb||||||||\u00bb text_font_size=\u00bb18px\u00bb text_line_height=\u00bb1.5em\u00bb text_orientation=\u00bbcenter\u00bb max_width=\u00bb65%\u00bb max_width_tablet=\u00bb\u00bb max_width_phone=\u00bb\u00bb max_width_last_edited=\u00bbon|desktop\u00bb module_alignment=\u00bbcenter\u00bb global_colors_info=\u00bb{}\u00bb]<span>Somos un equipo de profesionales con una filosof\u00eda com\u00fan y una metodolog\u00eda que actualizamos y mejoramos regularmente. El cliente recibe una seguridad y continuidad en todas las fases de su tratamiento.<\/span>[\/et_pb_text][\/et_pb_column][\/et_pb_row][et_pb_row column_structure=\u00bb1_2,1_2&#8243; use_custom_gutter=\u00bbon\u00bb gutter_width=\u00bb2&#8243; _builder_version=\u00bb4.16&#8243; global_colors_info=\u00bb{}\u00bb][et_pb_column type=\u00bb1_2&#8243; _builder_version=\u00bb4.16&#8243; background_color=\u00bb#ffffff\u00bb custom_padding=\u00bb||25px|\u00bb global_colors_info=\u00bb{}\u00bb custom_padding__hover=\u00bb|||\u00bb][et_pb_image src=\u00bbhttps:\/\/ignisfisioterapiagirona.cat\/wp-content\/uploads\/2019\/10\/Marina.jpg\u00bb align_tablet=\u00bbcenter\u00bb align_phone=\u00bb\u00bb align_last_edited=\u00bbon|desktop\u00bb _builder_version=\u00bb4.16&#8243; global_colors_info=\u00bb{}\u00bb][\/et_pb_image][et_pb_text _builder_version=\u00bb4.16&#8243; text_font=\u00bb|700|||||||\u00bb text_font_size=\u00bb24px\u00bb custom_margin=\u00bb||10px\u00bb custom_padding=\u00bb|25px||25px||true\u00bb global_colors_info=\u00bb{}\u00bb]<\/p>\n<p>Marina Virol\u00e8s Carol\u00e0<\/p>\n<p>[\/et_pb_text][et_pb_text _builder_version=\u00bb4.16&#8243; custom_margin=\u00bb||25px\u00bb custom_padding=\u00bb|25px||25px||true\u00bb global_colors_info=\u00bb{}\u00bb]<\/p>\n<p>Fisioterapeuta<\/p>\n<p>[\/et_pb_text][et_pb_text _builder_version=\u00bb4.16&#8243; custom_padding=\u00bb|25px||25px||true\u00bb global_colors_info=\u00bb{}\u00bb]<span><\/span><span>Fisioterapeuta colegiado n\u00fam. 982.<br \/>\nReeducaci\u00f3n postural<br \/>\nT\u00e9cnicas hipopresivas<br \/>\nPunci\u00f3n seca.<br \/>\nOndas de choque<br \/>\nPostgrado en t\u00e9cnicas miotensivas y manipulaciones de columna vertebral<\/span>[\/et_pb_text][\/et_pb_column][et_pb_column type=\u00bb1_2&#8243; _builder_version=\u00bb4.16&#8243; background_color=\u00bb#ffffff\u00bb custom_padding=\u00bb||25px|\u00bb global_colors_info=\u00bb{}\u00bb custom_padding__hover=\u00bb|||\u00bb][et_pb_image src=\u00bbhttps:\/\/ignisfisioterapiagirona.cat\/wp-content\/uploads\/2022\/02\/luis-lombardo.png\u00bb align_tablet=\u00bbcenter\u00bb align_phone=\u00bb\u00bb align_last_edited=\u00bbon|desktop\u00bb _builder_version=\u00bb4.16&#8243; global_colors_info=\u00bb{}\u00bb][\/et_pb_image][et_pb_text _builder_version=\u00bb4.16&#8243; text_font=\u00bb|700|||||||\u00bb text_font_size=\u00bb24px\u00bb custom_margin=\u00bb||10px\u00bb custom_padding=\u00bb|25px||25px||true\u00bb global_colors_info=\u00bb{}\u00bb]<\/p>\n<p>Luis Lombardo Mart\u00ednez<\/p>\n<p>[\/et_pb_text][et_pb_text _builder_version=\u00bb4.16&#8243; custom_margin=\u00bb||25px\u00bb custom_padding=\u00bb|25px||25px||true\u00bb global_colors_info=\u00bb{}\u00bb]<\/p>\n<p>Fisioterapeuta<\/p>\n<p>[\/et_pb_text][et_pb_text _builder_version=\u00bb4.16&#8243; custom_padding=\u00bb|25px||25px||true\u00bb global_colors_info=\u00bb{}\u00bb]<\/p>\n<p><span>Graduado en Fisioterapia. Promoci\u00f3n 2017-2021<\/span><br \/><span><br \/><\/span><\/p>\n<p>[\/et_pb_text][\/et_pb_column][\/et_pb_row][et_pb_row column_structure=\u00bb1_2,1_2&#8243; use_custom_gutter=\u00bbon\u00bb gutter_width=\u00bb2&#8243; _builder_version=\u00bb4.16&#8243; global_colors_info=\u00bb{}\u00bb][et_pb_column type=\u00bb1_2&#8243; _builder_version=\u00bb4.16&#8243; background_color=\u00bb#ffffff\u00bb custom_padding=\u00bb||25px|\u00bb global_colors_info=\u00bb{}\u00bb custom_padding__hover=\u00bb|||\u00bb][et_pb_image src=\u00bbhttps:\/\/ignisfisioterapiagirona.cat\/wp-content\/uploads\/2019\/10\/Frank.jpg\u00bb align_tablet=\u00bbcenter\u00bb align_phone=\u00bb\u00bb align_last_edited=\u00bbon|desktop\u00bb _builder_version=\u00bb4.16&#8243; global_colors_info=\u00bb{}\u00bb][\/et_pb_image][et_pb_text _builder_version=\u00bb4.16&#8243; text_font=\u00bb|700|||||||\u00bb text_font_size=\u00bb24px\u00bb custom_margin=\u00bb||10px\u00bb custom_padding=\u00bb|25px||25px||true\u00bb global_colors_info=\u00bb{}\u00bb]<\/p>\n<p>Francisco Jos\u00e9 P\u00e9rez Domingo<\/p>\n<p>[\/et_pb_text][et_pb_text _builder_version=\u00bb4.16&#8243; custom_margin=\u00bb||25px\u00bb custom_padding=\u00bb|25px||25px||true\u00bb global_colors_info=\u00bb{}\u00bb]<\/p>\n<p>Fisioterapeuta<\/p>\n<p>[\/et_pb_text][et_pb_text _builder_version=\u00bb4.16&#8243; custom_padding=\u00bb|25px||25px||true\u00bb global_colors_info=\u00bb{}\u00bb]<\/p>\n<p><span>Fisioterapeuta UIC colegiado n\u00fam. 4127. Certificado de Osteopat\u00eda EOB 2006.<\/span><\/p>\n<p>[\/et_pb_text][\/et_pb_column][et_pb_column type=\u00bb1_2&#8243; _builder_version=\u00bb4.16&#8243; background_color=\u00bb#ffffff\u00bb custom_padding=\u00bb||25px|\u00bb global_colors_info=\u00bb{}\u00bb custom_padding__hover=\u00bb|||\u00bb][et_pb_image src=\u00bbhttps:\/\/ignisfisioterapiagirona.cat\/wp-content\/uploads\/2019\/10\/Alex.jpg\u00bb align_tablet=\u00bbcenter\u00bb align_phone=\u00bb\u00bb align_last_edited=\u00bbon|desktop\u00bb _builder_version=\u00bb4.16&#8243; global_colors_info=\u00bb{}\u00bb][\/et_pb_image][et_pb_text _builder_version=\u00bb4.16&#8243; text_font=\u00bb|700|||||||\u00bb text_font_size=\u00bb24px\u00bb custom_margin=\u00bb||10px\u00bb custom_padding=\u00bb|25px||25px||true\u00bb global_colors_info=\u00bb{}\u00bb]\u00c0lex Massaguer[\/et_pb_text][et_pb_text _builder_version=\u00bb4.16&#8243; custom_margin=\u00bb||25px\u00bb custom_padding=\u00bb|25px||25px||true\u00bb global_colors_info=\u00bb{}\u00bb]<\/p>\n<p>Fisioterapeuta<\/p>\n<p>[\/et_pb_text][et_pb_text _builder_version=\u00bb4.16&#8243; custom_padding=\u00bb|25px||25px||true\u00bb global_colors_info=\u00bb{}\u00bb]Fisioterapeuta colegiado n\u00fam. 7196.<br \/>\n&nbsp;[\/et_pb_text][\/et_pb_column][\/et_pb_row][\/et_pb_section][et_pb_section fb_built=\u00bb1&#8243; _builder_version=\u00bb4.16&#8243; background_color=\u00bb#d38c3f\u00bb use_background_color_gradient=\u00bbon\u00bb background_color_gradient_stops=\u00bbrgba(211,140,63,0.97) 0%|rgba(211,140,63,0.97) 100%\u00bb background_color_gradient_overlays_image=\u00bbon\u00bb background_color_gradient_start=\u00bbrgba(211,140,63,0.97)\u00bb background_color_gradient_end=\u00bbrgba(211,140,63,0.97)\u00bb background_image=\u00bbhttps:\/\/ignisfisioterapiagirona.cat\/wp-content\/uploads\/2019\/10\/lesions-esportives.jpg\u00bb background_color_gradient_stops_tablet=\u00bbrgba(211,140,63,0.97) 0%|rgba(211,140,63,0.97) 100%\u00bb background_color_gradient_stops_phone=\u00bbrgba(211,140,63,0.97) 0%|rgba(211,140,63,0.97) 100%\u00bb global_module=\u00bb9244&#8243; saved_tabs=\u00bball\u00bb global_colors_info=\u00bb{}\u00bb][et_pb_row column_structure=\u00bb2_3,1_3&#8243; _builder_version=\u00bb4.16&#8243; global_colors_info=\u00bb{}\u00bb][et_pb_column type=\u00bb2_3&#8243; _builder_version=\u00bb4.16&#8243; custom_padding=\u00bb|||\u00bb global_colors_info=\u00bb{}\u00bb custom_padding__hover=\u00bb|||\u00bb][et_pb_text _builder_version=\u00bb4.16&#8243; text_font=\u00bb|700||on|||||\u00bb text_text_color=\u00bb#FFFFFF\u00bb text_font_size=\u00bb18px\u00bb custom_margin=\u00bb||10px\u00bb animation_style=\u00bbslide\u00bb animation_direction=\u00bbright\u00bb animation_duration=\u00bb2000ms\u00bb animation_intensity_slide=\u00bb25%\u00bb text_text_shadow_style=\u00bbpreset3&#8243; text_text_shadow_horizontal_length=\u00bb0.03em\u00bb text_text_shadow_vertical_length=\u00bb0.03em\u00bb text_text_shadow_blur_strength=\u00bb0.05em\u00bb global_colors_info=\u00bb{}\u00bb]<\/p>\n<p>Ignis fisioter\u00e0pia girona<\/p>\n<p>[\/et_pb_text][et_pb_text _builder_version=\u00bb4.16&#8243; header_font=\u00bb||||||||\u00bb header_2_font=\u00bb|800|||||||\u00bb header_2_text_color=\u00bb#FFFFFF\u00bb header_2_font_size=\u00bb46px\u00bb animation_style=\u00bbslide\u00bb animation_direction=\u00bbleft\u00bb animation_duration=\u00bb2000ms\u00bb animation_intensity_slide=\u00bb8%\u00bb header_2_text_shadow_style=\u00bbpreset3&#8243; header_2_text_shadow_horizontal_length=\u00bb0.03em\u00bb header_2_text_shadow_vertical_length=\u00bb0.03em\u00bb header_2_text_shadow_blur_strength=\u00bb0.05em\u00bb global_colors_info=\u00bb{}\u00bb]<\/p>\n<h2>Tratamientos de fisioterapia<\/h2>\n<p>[\/et_pb_text][\/et_pb_column][et_pb_column type=\u00bb1_3&#8243; _builder_version=\u00bb4.16&#8243; custom_padding=\u00bb|||\u00bb global_colors_info=\u00bb{}\u00bb custom_padding__hover=\u00bb|||\u00bb][et_pb_button button_url=\u00bbhttps:\/\/ignisfisioterapiagirona.cat\/contacte\/\u00bb button_text=\u00bbPIDE CITA\u00bb button_alignment=\u00bbcenter\u00bb _builder_version=\u00bb4.16&#8243; custom_button=\u00bbon\u00bb button_text_size=\u00bb16px\u00bb button_text_color=\u00bb#d38c3f\u00bb button_bg_color=\u00bb#ffffff\u00bb button_border_width=\u00bb0px\u00bb button_border_radius=\u00bb0px\u00bb button_font=\u00bb|||on|||||\u00bb button_use_icon=\u00bboff\u00bb custom_margin=\u00bb25px||\u00bb custom_padding=\u00bb12px|30px|9px|30px|false|true\u00bb box_shadow_style=\u00bbpreset1&#8243; box_shadow_blur=\u00bb25px\u00bb box_shadow_color=\u00bbrgba(0,0,0,0.2)\u00bb global_colors_info=\u00bb{}\u00bb][\/et_pb_button][\/et_pb_column][\/et_pb_row][\/et_pb_section]<\/p>\n","protected":false},"excerpt":{"rendered":"<p>Equipo IgnisNuestro equipoSomos un equipo de profesionales con una filosof\u00eda com\u00fan y una metodolog\u00eda que actualizamos y mejoramos regularmente. El cliente recibe una seguridad y continuidad en todas las fases de su tratamiento.Marina Virol\u00e8s Carol\u00e0FisioterapeutaFisioterapeuta colegiado n\u00fam. 982. Reeducaci\u00f3n postural T\u00e9cnicas hipopresivas Punci\u00f3n seca. Ondas de choque Postgrado en t\u00e9cnicas miotensivas y manipulaciones de columna [&hellip;]<\/p>\n","protected":false},"author":1,"featured_media":0,"parent":0,"menu_order":0,"comment_status":"closed","ping_status":"closed","template":"","meta":{"_et_pb_use_builder":"on","_et_pb_old_content":"","_et_gb_content_width":"","footnotes":""},"class_list":["post-9446","page","type-page","status-publish","hentry"],"yoast_head":"<!-- This site is optimized with the Yoast SEO plugin v27.4 - https:\/\/yoast.com\/product\/yoast-seo-wordpress\/ -->\n<title>Equipo Fisioterapeutas Girona | Ignis Centre de Fisioter\u00e0pia<\/title>\n<meta name=\"description\" content=\"Nuestro equipo de fisioterapeutas est\u00e1 especializado en t\u00e9cnicas de reeducaci\u00f3n postural, punci\u00f3n seca, diatermia y ondas de choque.\" \/>\n<meta name=\"robots\" content=\"index, follow, max-snippet:-1, max-image-preview:large, max-video-preview:-1\" \/>\n<link rel=\"canonical\" href=\"https:\/\/ignisfisioterapiagirona.cat\/es\/nuestro-equipo-fisioterapeutas\/\" \/>\n<meta property=\"og:locale\" content=\"es_ES\" \/>\n<meta property=\"og:type\" content=\"article\" \/>\n<meta property=\"og:title\" content=\"Equipo Fisioterapeutas Girona | Ignis Centre de Fisioter\u00e0pia\" \/>\n<meta property=\"og:description\" content=\"Nuestro equipo de fisioterapeutas est\u00e1 especializado en t\u00e9cnicas de reeducaci\u00f3n postural, punci\u00f3n seca, diatermia y ondas de choque.\" \/>\n<meta property=\"og:url\" content=\"https:\/\/ignisfisioterapiagirona.cat\/es\/nuestro-equipo-fisioterapeutas\/\" \/>\n<meta property=\"og:site_name\" content=\"Ignis Centre de Fisioter\u00e0pia\" \/>\n<meta property=\"article:modified_time\" content=\"2024-01-10T13:09:48+00:00\" \/>\n<meta name=\"twitter:card\" content=\"summary_large_image\" \/>\n<meta name=\"twitter:label1\" content=\"Tiempo de lectura\" \/>\n\t<meta name=\"twitter:data1\" content=\"2 minutos\" \/>\n<script type=\"application\/ld+json\" class=\"yoast-schema-graph\">{\"@context\":\"https:\\\/\\\/schema.org\",\"@graph\":[{\"@type\":\"WebPage\",\"@id\":\"https:\\\/\\\/ignisfisioterapiagirona.cat\\\/es\\\/nuestro-equipo-fisioterapeutas\\\/\",\"url\":\"https:\\\/\\\/ignisfisioterapiagirona.cat\\\/es\\\/nuestro-equipo-fisioterapeutas\\\/\",\"name\":\"Equipo Fisioterapeutas Girona | Ignis Centre de Fisioter\u00e0pia\",\"isPartOf\":{\"@id\":\"https:\\\/\\\/ignisfisioterapiagirona.cat\\\/es\\\/#website\"},\"datePublished\":\"2019-10-14T20:21:57+00:00\",\"dateModified\":\"2024-01-10T13:09:48+00:00\",\"description\":\"Nuestro equipo de fisioterapeutas est\u00e1 especializado en t\u00e9cnicas de reeducaci\u00f3n postural, punci\u00f3n seca, diatermia y ondas de choque.\",\"breadcrumb\":{\"@id\":\"https:\\\/\\\/ignisfisioterapiagirona.cat\\\/es\\\/nuestro-equipo-fisioterapeutas\\\/#breadcrumb\"},\"inLanguage\":\"es\",\"potentialAction\":[{\"@type\":\"ReadAction\",\"target\":[\"https:\\\/\\\/ignisfisioterapiagirona.cat\\\/es\\\/nuestro-equipo-fisioterapeutas\\\/\"]}]},{\"@type\":\"BreadcrumbList\",\"@id\":\"https:\\\/\\\/ignisfisioterapiagirona.cat\\\/es\\\/nuestro-equipo-fisioterapeutas\\\/#breadcrumb\",\"itemListElement\":[{\"@type\":\"ListItem\",\"position\":1,\"name\":\"Home\",\"item\":\"https:\\\/\\\/ignisfisioterapiagirona.cat\\\/es\\\/\"},{\"@type\":\"ListItem\",\"position\":2,\"name\":\"Nuestro equipo\"}]},{\"@type\":\"WebSite\",\"@id\":\"https:\\\/\\\/ignisfisioterapiagirona.cat\\\/es\\\/#website\",\"url\":\"https:\\\/\\\/ignisfisioterapiagirona.cat\\\/es\\\/\",\"name\":\"Ignis Centre de Fisioter\u00e0pia\",\"description\":\"Fisioter\u00e0pia a Girona\",\"publisher\":{\"@id\":\"https:\\\/\\\/ignisfisioterapiagirona.cat\\\/es\\\/#organization\"},\"potentialAction\":[{\"@type\":\"SearchAction\",\"target\":{\"@type\":\"EntryPoint\",\"urlTemplate\":\"https:\\\/\\\/ignisfisioterapiagirona.cat\\\/es\\\/?s={search_term_string}\"},\"query-input\":{\"@type\":\"PropertyValueSpecification\",\"valueRequired\":true,\"valueName\":\"search_term_string\"}}],\"inLanguage\":\"es\"},{\"@type\":\"Organization\",\"@id\":\"https:\\\/\\\/ignisfisioterapiagirona.cat\\\/es\\\/#organization\",\"name\":\"Ignis Centre de Fisioter\u00e0pia\",\"url\":\"https:\\\/\\\/ignisfisioterapiagirona.cat\\\/es\\\/\",\"logo\":{\"@type\":\"ImageObject\",\"inLanguage\":\"es\",\"@id\":\"https:\\\/\\\/ignisfisioterapiagirona.cat\\\/es\\\/#\\\/schema\\\/logo\\\/image\\\/\",\"url\":\"https:\\\/\\\/ignisfisioterapiagirona.cat\\\/wp-content\\\/uploads\\\/2019\\\/10\\\/LOGO-ignis.jpg\",\"contentUrl\":\"https:\\\/\\\/ignisfisioterapiagirona.cat\\\/wp-content\\\/uploads\\\/2019\\\/10\\\/LOGO-ignis.jpg\",\"width\":200,\"height\":81,\"caption\":\"Ignis Centre de Fisioter\u00e0pia\"},\"image\":{\"@id\":\"https:\\\/\\\/ignisfisioterapiagirona.cat\\\/es\\\/#\\\/schema\\\/logo\\\/image\\\/\"}}]}<\/script>\n<!-- \/ Yoast SEO plugin. -->","yoast_head_json":{"title":"Equipo Fisioterapeutas Girona | Ignis Centre de Fisioter\u00e0pia","description":"Nuestro equipo de fisioterapeutas est\u00e1 especializado en t\u00e9cnicas de reeducaci\u00f3n postural, punci\u00f3n seca, diatermia y ondas de choque.","robots":{"index":"index","follow":"follow","max-snippet":"max-snippet:-1","max-image-preview":"max-image-preview:large","max-video-preview":"max-video-preview:-1"},"canonical":"https:\/\/ignisfisioterapiagirona.cat\/es\/nuestro-equipo-fisioterapeutas\/","og_locale":"es_ES","og_type":"article","og_title":"Equipo Fisioterapeutas Girona | Ignis Centre de Fisioter\u00e0pia","og_description":"Nuestro equipo de fisioterapeutas est\u00e1 especializado en t\u00e9cnicas de reeducaci\u00f3n postural, punci\u00f3n seca, diatermia y ondas de choque.","og_url":"https:\/\/ignisfisioterapiagirona.cat\/es\/nuestro-equipo-fisioterapeutas\/","og_site_name":"Ignis Centre de Fisioter\u00e0pia","article_modified_time":"2024-01-10T13:09:48+00:00","twitter_card":"summary_large_image","twitter_misc":{"Tiempo de lectura":"2 minutos"},"schema":{"@context":"https:\/\/schema.org","@graph":[{"@type":"WebPage","@id":"https:\/\/ignisfisioterapiagirona.cat\/es\/nuestro-equipo-fisioterapeutas\/","url":"https:\/\/ignisfisioterapiagirona.cat\/es\/nuestro-equipo-fisioterapeutas\/","name":"Equipo Fisioterapeutas Girona | Ignis Centre de Fisioter\u00e0pia","isPartOf":{"@id":"https:\/\/ignisfisioterapiagirona.cat\/es\/#website"},"datePublished":"2019-10-14T20:21:57+00:00","dateModified":"2024-01-10T13:09:48+00:00","description":"Nuestro equipo de fisioterapeutas est\u00e1 especializado en t\u00e9cnicas de reeducaci\u00f3n postural, punci\u00f3n seca, diatermia y ondas de choque.","breadcrumb":{"@id":"https:\/\/ignisfisioterapiagirona.cat\/es\/nuestro-equipo-fisioterapeutas\/#breadcrumb"},"inLanguage":"es","potentialAction":[{"@type":"ReadAction","target":["https:\/\/ignisfisioterapiagirona.cat\/es\/nuestro-equipo-fisioterapeutas\/"]}]},{"@type":"BreadcrumbList","@id":"https:\/\/ignisfisioterapiagirona.cat\/es\/nuestro-equipo-fisioterapeutas\/#breadcrumb","itemListElement":[{"@type":"ListItem","position":1,"name":"Home","item":"https:\/\/ignisfisioterapiagirona.cat\/es\/"},{"@type":"ListItem","position":2,"name":"Nuestro equipo"}]},{"@type":"WebSite","@id":"https:\/\/ignisfisioterapiagirona.cat\/es\/#website","url":"https:\/\/ignisfisioterapiagirona.cat\/es\/","name":"Ignis Centre de Fisioter\u00e0pia","description":"Fisioter\u00e0pia a Girona","publisher":{"@id":"https:\/\/ignisfisioterapiagirona.cat\/es\/#organization"},"potentialAction":[{"@type":"SearchAction","target":{"@type":"EntryPoint","urlTemplate":"https:\/\/ignisfisioterapiagirona.cat\/es\/?s={search_term_string}"},"query-input":{"@type":"PropertyValueSpecification","valueRequired":true,"valueName":"search_term_string"}}],"inLanguage":"es"},{"@type":"Organization","@id":"https:\/\/ignisfisioterapiagirona.cat\/es\/#organization","name":"Ignis Centre de Fisioter\u00e0pia","url":"https:\/\/ignisfisioterapiagirona.cat\/es\/","logo":{"@type":"ImageObject","inLanguage":"es","@id":"https:\/\/ignisfisioterapiagirona.cat\/es\/#\/schema\/logo\/image\/","url":"https:\/\/ignisfisioterapiagirona.cat\/wp-content\/uploads\/2019\/10\/LOGO-ignis.jpg","contentUrl":"https:\/\/ignisfisioterapiagirona.cat\/wp-content\/uploads\/2019\/10\/LOGO-ignis.jpg","width":200,"height":81,"caption":"Ignis Centre de Fisioter\u00e0pia"},"image":{"@id":"https:\/\/ignisfisioterapiagirona.cat\/es\/#\/schema\/logo\/image\/"}}]}},"_links":{"self":[{"href":"https:\/\/ignisfisioterapiagirona.cat\/es\/wp-json\/wp\/v2\/pages\/9446","targetHints":{"allow":["GET"]}}],"collection":[{"href":"https:\/\/ignisfisioterapiagirona.cat\/es\/wp-json\/wp\/v2\/pages"}],"about":[{"href":"https:\/\/ignisfisioterapiagirona.cat\/es\/wp-json\/wp\/v2\/types\/page"}],"author":[{"embeddable":true,"href":"https:\/\/ignisfisioterapiagirona.cat\/es\/wp-json\/wp\/v2\/users\/1"}],"replies":[{"embeddable":true,"href":"https:\/\/ignisfisioterapiagirona.cat\/es\/wp-json\/wp\/v2\/comments?post=9446"}],"version-history":[{"count":0,"href":"https:\/\/ignisfisioterapiagirona.cat\/es\/wp-json\/wp\/v2\/pages\/9446\/revisions"}],"wp:attachment":[{"href":"https:\/\/ignisfisioterapiagirona.cat\/es\/wp-json\/wp\/v2\/media?parent=9446"}],"curies":[{"name":"wp","href":"https:\/\/api.w.org\/{rel}","templated":true}]}}