{"id":9461,"date":"2019-10-14T21:54:32","date_gmt":"2019-10-14T21:54:32","guid":{"rendered":"https:\/\/ignisfisioterapiagirona.cat\/tractaments\/"},"modified":"2020-01-07T19:47:27","modified_gmt":"2020-01-07T19:47:27","slug":"tratamientos","status":"publish","type":"page","link":"https:\/\/ignisfisioterapiagirona.cat\/es\/tratamientos\/","title":{"rendered":"Tratamientos"},"content":{"rendered":"<p>[et_pb_section fb_built=\u00bb1&#8243; _builder_version=\u00bb3.29.3&#8243; background_color_gradient_direction=\u00bb135deg\u00bb background_image=\u00bbhttps:\/\/ignisfisioterapiagirona.cat\/wp-content\/uploads\/2019\/10\/esquena-ignis.jpg\u00bb custom_padding=\u00bb90px|0px|75px|0px|false|false\u00bb box_shadow_style=\u00bbpreset1&#8243; box_shadow_vertical=\u00bb-6px\u00bb box_shadow_color=\u00bbrgba(0,0,0,0.15)\u00bb box_shadow_position=\u00bbinner\u00bb fb_built=\u00bb1&#8243; _i=\u00bb0&#8243; _address=\u00bb0&#8243;][et_pb_row _builder_version=\u00bb3.25&#8243; custom_padding=\u00bb0|0px|0|0px|false|false\u00bb _i=\u00bb0&#8243; _address=\u00bb0.0&#8243;][et_pb_column type=\u00bb4_4&#8243; _builder_version=\u00bb3.25&#8243; custom_padding=\u00bb|||\u00bb _i=\u00bb0&#8243; _address=\u00bb0.0.0&#8243; custom_padding__hover=\u00bb|||\u00bb][et_pb_text _builder_version=\u00bb3.29.3&#8243; header_font=\u00bb|800||on|||||\u00bb header_text_align=\u00bbcenter\u00bb header_text_color=\u00bb#ffffff\u00bb header_font_size=\u00bb70px\u00bb custom_margin=\u00bb||15px\u00bb header_font_size_phone=\u00bb48px\u00bb header_font_size_last_edited=\u00bbon|phone\u00bb _i=\u00bb0&#8243; _address=\u00bb0.0.0.0&#8243;]<\/p>\n<h1>Tratamientos<\/h1>\n<p>[\/et_pb_text][\/et_pb_column][\/et_pb_row][et_pb_row column_structure=\u00bb1_2,1_2&#8243; _builder_version=\u00bb3.25&#8243; max_width=\u00bb360px\u00bb use_custom_width=\u00bbon\u00bb custom_width_px=\u00bb360px\u00bb _i=\u00bb1&#8243; _address=\u00bb0.1&#8243;][et_pb_column type=\u00bb1_2&#8243; _builder_version=\u00bb3.25&#8243; custom_padding=\u00bb|||\u00bb _i=\u00bb0&#8243; _address=\u00bb0.1.0&#8243; custom_padding__hover=\u00bb|||\u00bb][et_pb_button button_url=\u00bbhttps:\/\/ignisfisioterapiagirona.cat\/es\/contacto\/\u00bb button_text=\u00bbCont\u00e1ctanos\u00bb button_alignment=\u00bbcenter\u00bb _builder_version=\u00bb3.29.3&#8243; custom_button=\u00bbon\u00bb button_text_size=\u00bb16px\u00bb button_text_color=\u00bb#d38c3f\u00bb button_bg_color=\u00bb#ffffff\u00bb button_border_width=\u00bb0px\u00bb button_border_radius=\u00bb0px\u00bb button_font=\u00bb|||on|||||\u00bb button_use_icon=\u00bboff\u00bb custom_padding=\u00bb|25px|4px|25px||true\u00bb hover_enabled=\u00bb0&#8243; _i=\u00bb0&#8243; _address=\u00bb0.1.0.0&#8243;][\/et_pb_button][\/et_pb_column][et_pb_column type=\u00bb1_2&#8243; _builder_version=\u00bb3.25&#8243; custom_padding=\u00bb|||\u00bb _i=\u00bb1&#8243; _address=\u00bb0.1.1&#8243; custom_padding__hover=\u00bb|||\u00bb][et_pb_button button_url=\u00bbhttps:\/\/ignisfisioterapiagirona.cat\/es\/nuestro-equipo\/\u00bb button_text=\u00bbEquipo IGNIS\u00bb button_alignment=\u00bbcenter\u00bb _builder_version=\u00bb3.29.3&#8243; custom_button=\u00bbon\u00bb button_text_size=\u00bb16px\u00bb button_text_color=\u00bb#FFFFFF\u00bb button_bg_color=\u00bb#d38c3f\u00bb button_border_width=\u00bb0px\u00bb button_border_radius=\u00bb0px\u00bb button_font=\u00bb|||on|||||\u00bb button_use_icon=\u00bboff\u00bb custom_padding=\u00bb|25px|4px|25px||true\u00bb hover_enabled=\u00bb0&#8243; _i=\u00bb0&#8243; _address=\u00bb0.1.1.0&#8243;][\/et_pb_button][\/et_pb_column][\/et_pb_row][\/et_pb_section][et_pb_section fb_built=\u00bb1&#8243; _builder_version=\u00bb3.22&#8243; fb_built=\u00bb1&#8243; _i=\u00bb1&#8243; _address=\u00bb1&#8243;][et_pb_row column_structure=\u00bb1_2,1_2&#8243; _builder_version=\u00bb3.29.3&#8243; background_size=\u00bbinitial\u00bb background_position=\u00bbtop_left\u00bb background_repeat=\u00bbrepeat\u00bb custom_margin=\u00bb|auto||203px||\u00bb _i=\u00bb0&#8243; _address=\u00bb1.0&#8243;][et_pb_column type=\u00bb1_2&#8243; _builder_version=\u00bb3.25&#8243; custom_padding=\u00bb|150px||\u00bb custom_padding_tablet=\u00bb|0px||\u00bb custom_padding_last_edited=\u00bbon|desktop\u00bb _i=\u00bb0&#8243; _address=\u00bb1.0.0&#8243; custom_padding__hover=\u00bb|||\u00bb][et_pb_text _builder_version=\u00bb3.29.3&#8243; text_orientation=\u00bbcenter\u00bb _i=\u00bb0&#8243; _address=\u00bb1.0.0.0&#8243;]<\/p>\n<h3>Fisioterapia pre y post operatorio<\/h3>\n<p><span>Con diferentes t\u00e9cnicas manuales, electroterapia y ejercicios terap\u00e9uticos, tratamos a personas afectadas por diferentes problemas org\u00e1nicos con el objetivo de curar, prevenir o recuperar las m\u00e1s diversas patolog\u00edas y mejorar as\u00ed la salud del paciente.<\/span><\/p>\n<p>[\/et_pb_text][et_pb_toggle title=\u00bbMasoterapia\u00bb open_toggle_text_color=\u00bb#d38c3f\u00bb open_toggle_background_color=\u00bb#f5f5f5&#8243; icon_color=\u00bb#d38c3f\u00bb _builder_version=\u00bb3.29.3&#8243; title_text_color=\u00bb#000000&#8243; title_font=\u00bb|300|||||||\u00bb title_font_size=\u00bb16px\u00bb text_orientation=\u00bbcenter\u00bb custom_margin=\u00bb||15px|\u00bb border_color_all=\u00bb#d38c3f\u00bb _i=\u00bb1&#8243; _address=\u00bb1.0.0.1&#8243;]<\/p>\n<p>La masoterapia engloba t\u00e9cnicas como el masaje terap\u00e9utico, el masaje transverso profundo, el drenaje linf\u00e1tico manual terap\u00e9utico, la liberaci\u00f3n miofascial, el masaje deportivo, el criomassatge, el masaje del tejido conjuntivo, el masaje del periostio, t\u00e9cnicas neuromusculares o el masaje de Dicke entre otros.<\/p>\n<p>[\/et_pb_toggle][et_pb_divider show_divider=\u00bboff\u00bb _builder_version=\u00bb3.2&#8243; custom_padding=\u00bb15px|||\u00bb _i=\u00bb2&#8243; _address=\u00bb1.0.0.2&#8243;][\/et_pb_divider][et_pb_text _builder_version=\u00bb3.29.3&#8243; text_orientation=\u00bbcenter\u00bb _i=\u00bb3&#8243; _address=\u00bb1.0.0.3&#8243;]<\/p>\n<h3>Ondas de choque<\/h3>\n<p>Tratamiento espec\u00edfico para tratar tendinitis cr\u00f3nicas, calcificaciones, puntos de contractura profunda y, adem\u00e1s, se utiliza a nivel est\u00e9tico para reducir el tejido adiposo.<\/p>\n<p>[\/et_pb_text][et_pb_toggle title=\u00bbTratamiento del dolor\u00bb open_toggle_text_color=\u00bb#d38c3f\u00bb open_toggle_background_color=\u00bb#f5f5f5&#8243; icon_color=\u00bb#d38c3f\u00bb _builder_version=\u00bb3.29.3&#8243; title_text_color=\u00bb#000000&#8243; title_font=\u00bb|300|||||||\u00bb title_font_size=\u00bb16px\u00bb text_orientation=\u00bbcenter\u00bb custom_margin=\u00bb||15px|\u00bb border_color_all=\u00bb#d38c3f\u00bb _i=\u00bb4&#8243; _address=\u00bb1.0.0.4&#8243;]<\/p>\n<p>Las patolog\u00edas m\u00e1s corrientes son: tendinitis del supraespinoso, epicondilitis, trocanteritis, tendinosis calc\u00e1nea, tendinitis del tend\u00f3n rotuliano, entre otros.<\/p>\n<p>[\/et_pb_toggle][et_pb_divider show_divider=\u00bboff\u00bb _builder_version=\u00bb3.2&#8243; custom_padding=\u00bb15px|||\u00bb _i=\u00bb5&#8243; _address=\u00bb1.0.0.5&#8243;][\/et_pb_divider][et_pb_text _builder_version=\u00bb3.29.3&#8243; text_orientation=\u00bbcenter\u00bb _i=\u00bb6&#8243; _address=\u00bb1.0.0.6&#8243;]<\/p>\n<h3>Reeducaci\u00f3n postural<\/h3>\n<p>M\u00e9todos espec\u00edficos para mejorar la postura vertebral y conseguir equilibrar a nivel neuromotriz los raquis, a trav\u00e9s de t\u00e9cnicas correctivas, estiramientos globales musculares, mejora de la higiene postural.<\/p>\n<p>[\/et_pb_text][et_pb_toggle title=\u00bbEscuela de espalda\u00bb open_toggle_text_color=\u00bb#d38c3f\u00bb open_toggle_background_color=\u00bb#f5f5f5&#8243; icon_color=\u00bb#d38c3f\u00bb _builder_version=\u00bb3.29.3&#8243; title_text_color=\u00bb#000000&#8243; title_font=\u00bb|300|||||||\u00bb title_font_size=\u00bb16px\u00bb text_orientation=\u00bbcenter\u00bb custom_margin=\u00bb||15px|\u00bb border_color_all=\u00bb#d38c3f\u00bb _i=\u00bb7&#8243; _address=\u00bb1.0.0.7&#8243;]<\/p>\n<ul>\n<li style=\"text-align: justify;\">Stretching global activo<\/li>\n<li style=\"text-align: justify;\">M\u00e9todo hipopresivo<\/li>\n<li style=\"text-align: justify;\">M\u00e9todo Schroth<\/li>\n<li style=\"text-align: justify;\">Pilates<\/li>\n<\/ul>\n<p>[\/et_pb_toggle][et_pb_divider show_divider=\u00bboff\u00bb _builder_version=\u00bb3.2&#8243; custom_padding=\u00bb15px|||\u00bb _i=\u00bb8&#8243; _address=\u00bb1.0.0.8&#8243;][\/et_pb_divider][\/et_pb_column][et_pb_column type=\u00bb1_2&#8243; _builder_version=\u00bb3.25&#8243; custom_padding=\u00bb|150px||\u00bb custom_padding_tablet=\u00bb|0px||\u00bb custom_padding_last_edited=\u00bbon|desktop\u00bb _i=\u00bb1&#8243; _address=\u00bb1.0.1&#8243; custom_padding__hover=\u00bb|||\u00bb][et_pb_text _builder_version=\u00bb3.29.3&#8243; text_orientation=\u00bbcenter\u00bb _i=\u00bb0&#8243; _address=\u00bb1.0.1.0&#8243;]<\/p>\n<h3>Diatermia<\/h3>\n<p><span>La diatermia es una t\u00e9cnica que se emplea en la fisioterapia para tratar lesiones deportivas, traumatolog\u00eda y patolog\u00edas degenerativas del cuerpo. El tratamiento se emplea gracias a un sistema de radiofrecuencia que genera una corriente el\u00e9ctrica y un calentamiento interno para actuar sobre la musculatura, ligamentos, articulaciones, etc. provocando una estimulaci\u00f3n celular de la zona afectada.<\/span><\/p>\n<p>[\/et_pb_text][et_pb_toggle title=\u00bbDiat\u00e8rmia con Medestec\u00bb open_toggle_text_color=\u00bb#d38c3f\u00bb open_toggle_background_color=\u00bb#f5f5f5&#8243; icon_color=\u00bb#d38c3f\u00bb _builder_version=\u00bb3.29.3&#8243; title_text_color=\u00bb#000000&#8243; title_font=\u00bb|300|||||||\u00bb title_font_size=\u00bb16px\u00bb text_orientation=\u00bbcenter\u00bb custom_margin=\u00bb||15px|\u00bb border_color_all=\u00bb#d38c3f\u00bb _i=\u00bb1&#8243; _address=\u00bb1.0.1.1&#8243;]<\/p>\n<p style=\"text-align: justify;\">La aplicaci\u00f3n del tratamiento se realiza mediante electrodos de diferentes tama\u00f1os, tanto capacitivas como resistivas, con una doble frecuencia de 500\/800 kHz. As\u00ed, a trav\u00e9s de la bioestimulaci\u00f3n de los tejidos, se genera una vasodilataci\u00f3n, con el consiguiente flujo sangu\u00edneo, y regeneraci\u00f3n celular que provoca la reducci\u00f3n de dolor. Aportamos m\u00e1s nutrientes y ox\u00edgeno a la zona porque al estar m\u00e1s nutrido el tejido conseguimos m\u00e1s flexibilidad, reducir el edema y aliviar el dolor y mejor aspecto.<\/p>\n<p>&nbsp;<\/p>\n<ul>\n<li style=\"text-align: justify;\">Stretching global activo<\/li>\n<li style=\"text-align: justify;\">M\u00e9todo hipopresivo<\/li>\n<li style=\"text-align: justify;\">M\u00e9todo Schroth<\/li>\n<\/ul>\n<p>[\/et_pb_toggle][et_pb_divider show_divider=\u00bboff\u00bb _builder_version=\u00bb3.2&#8243; custom_padding=\u00bb15px|||\u00bb _i=\u00bb2&#8243; _address=\u00bb1.0.1.2&#8243;][\/et_pb_divider][et_pb_divider show_divider=\u00bboff\u00bb _builder_version=\u00bb3.2&#8243; custom_padding=\u00bb15px|||\u00bb _i=\u00bb3&#8243; _address=\u00bb1.0.1.3&#8243;][\/et_pb_divider][et_pb_text _builder_version=\u00bb3.29.3&#8243; text_orientation=\u00bbcenter\u00bb _i=\u00bb4&#8243; _address=\u00bb1.0.1.4&#8243;]<\/p>\n<h3>S\u00edndrome del dolor miofascial<\/h3>\n<p>El s\u00edndrome del dolor miofascial (SDM) son el conjunto de s\u00edntomas y signos producidos por los puntos gatillo miofasciales (PGM).<\/p>\n<p>[\/et_pb_text][et_pb_toggle title=\u00bbTratamiento del s\u00edndrome del dolor miofascial\u00bb open_toggle_text_color=\u00bb#d38c3f\u00bb open_toggle_background_color=\u00bb#f5f5f5&#8243; icon_color=\u00bb#d38c3f\u00bb _builder_version=\u00bb3.29.3&#8243; title_text_color=\u00bb#000000&#8243; title_font=\u00bb|300|||||||\u00bb title_font_size=\u00bb16px\u00bb text_orientation=\u00bbcenter\u00bb custom_margin=\u00bb||15px|\u00bb border_color_all=\u00bb#d38c3f\u00bb _i=\u00bb5&#8243; _address=\u00bb1.0.1.5&#8243;]<\/p>\n<p style=\"text-align: justify;\">Estos PGM provocan contracturas musculares profundas en una banda muscular palpable. Los trataremos de forma conservadora con diferentes t\u00e9cnicas manuales y en caso de no llegar a una mejora, pasaremos al tratamiento invasivo: punci\u00f3n seca.<\/p>\n<p>[\/et_pb_toggle][et_pb_divider show_divider=\u00bboff\u00bb _builder_version=\u00bb3.2&#8243; custom_padding=\u00bb15px|||\u00bb _i=\u00bb6&#8243; _address=\u00bb1.0.1.6&#8243;][\/et_pb_divider][et_pb_text _builder_version=\u00bb3.29.3&#8243; text_orientation=\u00bbcenter\u00bb _i=\u00bb7&#8243; _address=\u00bb1.0.1.7&#8243;]<\/p>\n<h3>Punci\u00f3n seca<\/h3>\n<p>Tratamiento de fisioterapia invasivo de los puntos de dolor miofacial, bandas tensas de un m\u00fasculo. El tratamiento se lleva a cabo introduciendo una aguja de acupuntura en el punto gatillo miofascial (PGM).<\/p>\n<p>[\/et_pb_text][et_pb_toggle title=\u00bbTratamiento punci\u00f3n seca\u00bb open_toggle_text_color=\u00bb#d38c3f\u00bb open_toggle_background_color=\u00bb#f5f5f5&#8243; icon_color=\u00bb#d38c3f\u00bb _builder_version=\u00bb3.29.3&#8243; title_text_color=\u00bb#000000&#8243; title_font=\u00bb|300|||||||\u00bb title_font_size=\u00bb16px\u00bb text_orientation=\u00bbcenter\u00bb custom_margin=\u00bb||15px|\u00bb border_color_all=\u00bb#d38c3f\u00bb _i=\u00bb8&#8243; _address=\u00bb1.0.1.8&#8243;]<\/p>\n<p style=\"text-align: justify;\">La mayor\u00eda de veces se aplican varios pinchazos sin sacar la aguja. Se establece una pauta de una sesi\u00f3n semanal hasta un m\u00e1ximo de 6 sesiones.<\/p>\n<p>Con esta t\u00e9cnica se provoca una inhibici\u00f3n de la contracci\u00f3n permanente del m\u00fasculo y una liberaci\u00f3n mec\u00e1nica de la lesi\u00f3n muscular, porque con la punci\u00f3n lo que se consigue es una regeneraci\u00f3n de las fibras muscular.[\/et_pb_toggle][\/et_pb_column][\/et_pb_row][\/et_pb_section][et_pb_section fb_built=\u00bb1&#8243; _builder_version=\u00bb3.22&#8243; background_color=\u00bb#d38c3f\u00bb use_background_color_gradient=\u00bbon\u00bb background_color_gradient_start=\u00bbrgba(211,140,63,0.97)\u00bb background_color_gradient_end=\u00bbrgba(211,140,63,0.97)\u00bb background_color_gradient_overlays_image=\u00bbon\u00bb background_image=\u00bbhttps:\/\/ignisfisioterapiagirona.cat\/wp-content\/uploads\/2019\/10\/1920&#215;1080.jpg\u00bb saved_tabs=\u00bball\u00bb fb_built=\u00bb1&#8243; _i=\u00bb2&#8243; _address=\u00bb2&#8243;][et_pb_row column_structure=\u00bb2_3,1_3&#8243; _builder_version=\u00bb3.25&#8243; _i=\u00bb0&#8243; _address=\u00bb2.0&#8243;][et_pb_column type=\u00bb2_3&#8243; _builder_version=\u00bb3.25&#8243; custom_padding=\u00bb|||\u00bb _i=\u00bb0&#8243; _address=\u00bb2.0.0&#8243; custom_padding__hover=\u00bb|||\u00bb][et_pb_text _builder_version=\u00bb3.29.3&#8243; text_font=\u00bb|700||on|||||\u00bb text_text_color=\u00bb#FFFFFF\u00bb text_font_size=\u00bb18px\u00bb custom_margin=\u00bb||10px\u00bb animation_style=\u00bbslide\u00bb animation_direction=\u00bbright\u00bb animation_duration=\u00bb2000ms\u00bb animation_intensity_slide=\u00bb25%\u00bb text_text_shadow_style=\u00bbpreset3&#8243; text_text_shadow_horizontal_length=\u00bb0.03em\u00bb text_text_shadow_vertical_length=\u00bb0.03em\u00bb text_text_shadow_blur_strength=\u00bb0.05em\u00bb _i=\u00bb0&#8243; _address=\u00bb2.0.0.0&#8243;]<\/p>\n<p>IGNIS FISIOTERAPIA GIRONA<\/p>\n<p>[\/et_pb_text][et_pb_text _builder_version=\u00bb3.29.3&#8243; header_font=\u00bb||||||||\u00bb header_2_font=\u00bb|800|||||||\u00bb header_2_text_color=\u00bb#FFFFFF\u00bb header_2_font_size=\u00bb46px\u00bb animation_style=\u00bbslide\u00bb animation_direction=\u00bbleft\u00bb animation_duration=\u00bb2000ms\u00bb animation_intensity_slide=\u00bb8%\u00bb header_2_text_shadow_style=\u00bbpreset3&#8243; header_2_text_shadow_horizontal_length=\u00bb0.03em\u00bb header_2_text_shadow_vertical_length=\u00bb0.03em\u00bb header_2_text_shadow_blur_strength=\u00bb0.05em\u00bb _i=\u00bb1&#8243; _address=\u00bb2.0.0.1&#8243;]<\/p>\n<h2>Tratamientos de fisioterapia <\/h2>\n<p>[\/et_pb_text][\/et_pb_column][et_pb_column type=\u00bb1_3&#8243; _builder_version=\u00bb3.25&#8243; custom_padding=\u00bb|||\u00bb _i=\u00bb1&#8243; _address=\u00bb2.0.1&#8243; custom_padding__hover=\u00bb|||\u00bb][et_pb_button button_url=\u00bbhttps:\/\/ignisfisioterapiagirona.cat\/es\/contacto\/\u00bb button_text=\u00bbCONTACTO\u00bb button_alignment=\u00bbcenter\u00bb _builder_version=\u00bb3.29.3&#8243; custom_button=\u00bbon\u00bb button_text_size=\u00bb16px\u00bb button_text_color=\u00bb#d38c3f\u00bb button_bg_color=\u00bb#ffffff\u00bb button_border_width=\u00bb0px\u00bb button_border_radius=\u00bb0px\u00bb button_font=\u00bb|||on|||||\u00bb button_use_icon=\u00bboff\u00bb custom_margin=\u00bb25px||\u00bb custom_padding=\u00bb12px|30px|9px|30px|false|true\u00bb hover_enabled=\u00bb0&#8243; box_shadow_style=\u00bbpreset1&#8243; box_shadow_blur=\u00bb25px\u00bb box_shadow_color=\u00bbrgba(0,0,0,0.2)\u00bb _i=\u00bb0&#8243; _address=\u00bb2.0.1.0&#8243;][\/et_pb_button][\/et_pb_column][\/et_pb_row][\/et_pb_section]<\/p>\n","protected":false},"excerpt":{"rendered":"<p>TratamientosFisioterapia pre y post operatorio Con diferentes t\u00e9cnicas manuales, electroterapia y ejercicios terap\u00e9uticos, tratamos a personas afectadas por diferentes problemas org\u00e1nicos con el objetivo de curar, prevenir o recuperar las m\u00e1s diversas patolog\u00edas y mejorar as\u00ed la salud del paciente.La masoterapia engloba t\u00e9cnicas como el masaje terap\u00e9utico, el masaje transverso profundo, el drenaje linf\u00e1tico manual [&hellip;]<\/p>\n","protected":false},"author":1,"featured_media":0,"parent":0,"menu_order":0,"comment_status":"closed","ping_status":"closed","template":"","meta":{"_et_pb_use_builder":"on","_et_pb_old_content":"","_et_gb_content_width":"","footnotes":""},"class_list":["post-9461","page","type-page","status-publish","hentry"],"yoast_head":"<!-- This site is optimized with the Yoast SEO plugin v27.3 - https:\/\/yoast.com\/product\/yoast-seo-wordpress\/ -->\n<title>Tratamientos de fisioterapia en Girona | Ignis Centre de Fisioter\u00e0pia<\/title>\n<meta name=\"description\" content=\"Tratamientos de fisioterapia en Girona. Ondas de choque, diat\u00e8rmina, fisioterapia pre y post operatorio, reeducaci\u00f3n postural y punci\u00f3n seca.\" \/>\n<meta name=\"robots\" content=\"index, follow, max-snippet:-1, max-image-preview:large, max-video-preview:-1\" \/>\n<link rel=\"canonical\" href=\"https:\/\/ignisfisioterapiagirona.cat\/es\/tratamientos\/\" \/>\n<meta property=\"og:locale\" content=\"es_ES\" \/>\n<meta property=\"og:type\" content=\"article\" \/>\n<meta property=\"og:title\" content=\"Tratamientos de fisioterapia en Girona | Ignis Centre de Fisioter\u00e0pia\" \/>\n<meta property=\"og:description\" content=\"Tratamientos de fisioterapia en Girona. Ondas de choque, diat\u00e8rmina, fisioterapia pre y post operatorio, reeducaci\u00f3n postural y punci\u00f3n seca.\" \/>\n<meta property=\"og:url\" content=\"https:\/\/ignisfisioterapiagirona.cat\/es\/tratamientos\/\" \/>\n<meta property=\"og:site_name\" content=\"Ignis Centre de Fisioter\u00e0pia\" \/>\n<meta property=\"article:modified_time\" content=\"2020-01-07T19:47:27+00:00\" \/>\n<meta name=\"twitter:card\" content=\"summary_large_image\" \/>\n<meta name=\"twitter:label1\" content=\"Tiempo de lectura\" \/>\n\t<meta name=\"twitter:data1\" content=\"9 minutos\" \/>\n<script type=\"application\/ld+json\" class=\"yoast-schema-graph\">{\"@context\":\"https:\\\/\\\/schema.org\",\"@graph\":[{\"@type\":\"WebPage\",\"@id\":\"https:\\\/\\\/ignisfisioterapiagirona.cat\\\/es\\\/tratamientos\\\/\",\"url\":\"https:\\\/\\\/ignisfisioterapiagirona.cat\\\/es\\\/tratamientos\\\/\",\"name\":\"Tratamientos de fisioterapia en Girona | Ignis Centre de Fisioter\u00e0pia\",\"isPartOf\":{\"@id\":\"https:\\\/\\\/ignisfisioterapiagirona.cat\\\/es\\\/#website\"},\"datePublished\":\"2019-10-14T21:54:32+00:00\",\"dateModified\":\"2020-01-07T19:47:27+00:00\",\"description\":\"Tratamientos de fisioterapia en Girona. Ondas de choque, diat\u00e8rmina, fisioterapia pre y post operatorio, reeducaci\u00f3n postural y punci\u00f3n seca.\",\"breadcrumb\":{\"@id\":\"https:\\\/\\\/ignisfisioterapiagirona.cat\\\/es\\\/tratamientos\\\/#breadcrumb\"},\"inLanguage\":\"es\",\"potentialAction\":[{\"@type\":\"ReadAction\",\"target\":[\"https:\\\/\\\/ignisfisioterapiagirona.cat\\\/es\\\/tratamientos\\\/\"]}]},{\"@type\":\"BreadcrumbList\",\"@id\":\"https:\\\/\\\/ignisfisioterapiagirona.cat\\\/es\\\/tratamientos\\\/#breadcrumb\",\"itemListElement\":[{\"@type\":\"ListItem\",\"position\":1,\"name\":\"Home\",\"item\":\"https:\\\/\\\/ignisfisioterapiagirona.cat\\\/es\\\/\"},{\"@type\":\"ListItem\",\"position\":2,\"name\":\"Tratamientos\"}]},{\"@type\":\"WebSite\",\"@id\":\"https:\\\/\\\/ignisfisioterapiagirona.cat\\\/es\\\/#website\",\"url\":\"https:\\\/\\\/ignisfisioterapiagirona.cat\\\/es\\\/\",\"name\":\"Ignis Centre de Fisioter\u00e0pia\",\"description\":\"Fisioter\u00e0pia a Girona\",\"publisher\":{\"@id\":\"https:\\\/\\\/ignisfisioterapiagirona.cat\\\/es\\\/#organization\"},\"potentialAction\":[{\"@type\":\"SearchAction\",\"target\":{\"@type\":\"EntryPoint\",\"urlTemplate\":\"https:\\\/\\\/ignisfisioterapiagirona.cat\\\/es\\\/?s={search_term_string}\"},\"query-input\":{\"@type\":\"PropertyValueSpecification\",\"valueRequired\":true,\"valueName\":\"search_term_string\"}}],\"inLanguage\":\"es\"},{\"@type\":\"Organization\",\"@id\":\"https:\\\/\\\/ignisfisioterapiagirona.cat\\\/es\\\/#organization\",\"name\":\"Ignis Centre de Fisioter\u00e0pia\",\"url\":\"https:\\\/\\\/ignisfisioterapiagirona.cat\\\/es\\\/\",\"logo\":{\"@type\":\"ImageObject\",\"inLanguage\":\"es\",\"@id\":\"https:\\\/\\\/ignisfisioterapiagirona.cat\\\/es\\\/#\\\/schema\\\/logo\\\/image\\\/\",\"url\":\"https:\\\/\\\/ignisfisioterapiagirona.cat\\\/wp-content\\\/uploads\\\/2019\\\/10\\\/LOGO-ignis.jpg\",\"contentUrl\":\"https:\\\/\\\/ignisfisioterapiagirona.cat\\\/wp-content\\\/uploads\\\/2019\\\/10\\\/LOGO-ignis.jpg\",\"width\":200,\"height\":81,\"caption\":\"Ignis Centre de Fisioter\u00e0pia\"},\"image\":{\"@id\":\"https:\\\/\\\/ignisfisioterapiagirona.cat\\\/es\\\/#\\\/schema\\\/logo\\\/image\\\/\"}}]}<\/script>\n<!-- \/ Yoast SEO plugin. -->","yoast_head_json":{"title":"Tratamientos de fisioterapia en Girona | Ignis Centre de Fisioter\u00e0pia","description":"Tratamientos de fisioterapia en Girona. Ondas de choque, diat\u00e8rmina, fisioterapia pre y post operatorio, reeducaci\u00f3n postural y punci\u00f3n seca.","robots":{"index":"index","follow":"follow","max-snippet":"max-snippet:-1","max-image-preview":"max-image-preview:large","max-video-preview":"max-video-preview:-1"},"canonical":"https:\/\/ignisfisioterapiagirona.cat\/es\/tratamientos\/","og_locale":"es_ES","og_type":"article","og_title":"Tratamientos de fisioterapia en Girona | Ignis Centre de Fisioter\u00e0pia","og_description":"Tratamientos de fisioterapia en Girona. Ondas de choque, diat\u00e8rmina, fisioterapia pre y post operatorio, reeducaci\u00f3n postural y punci\u00f3n seca.","og_url":"https:\/\/ignisfisioterapiagirona.cat\/es\/tratamientos\/","og_site_name":"Ignis Centre de Fisioter\u00e0pia","article_modified_time":"2020-01-07T19:47:27+00:00","twitter_card":"summary_large_image","twitter_misc":{"Tiempo de lectura":"9 minutos"},"schema":{"@context":"https:\/\/schema.org","@graph":[{"@type":"WebPage","@id":"https:\/\/ignisfisioterapiagirona.cat\/es\/tratamientos\/","url":"https:\/\/ignisfisioterapiagirona.cat\/es\/tratamientos\/","name":"Tratamientos de fisioterapia en Girona | Ignis Centre de Fisioter\u00e0pia","isPartOf":{"@id":"https:\/\/ignisfisioterapiagirona.cat\/es\/#website"},"datePublished":"2019-10-14T21:54:32+00:00","dateModified":"2020-01-07T19:47:27+00:00","description":"Tratamientos de fisioterapia en Girona. Ondas de choque, diat\u00e8rmina, fisioterapia pre y post operatorio, reeducaci\u00f3n postural y punci\u00f3n seca.","breadcrumb":{"@id":"https:\/\/ignisfisioterapiagirona.cat\/es\/tratamientos\/#breadcrumb"},"inLanguage":"es","potentialAction":[{"@type":"ReadAction","target":["https:\/\/ignisfisioterapiagirona.cat\/es\/tratamientos\/"]}]},{"@type":"BreadcrumbList","@id":"https:\/\/ignisfisioterapiagirona.cat\/es\/tratamientos\/#breadcrumb","itemListElement":[{"@type":"ListItem","position":1,"name":"Home","item":"https:\/\/ignisfisioterapiagirona.cat\/es\/"},{"@type":"ListItem","position":2,"name":"Tratamientos"}]},{"@type":"WebSite","@id":"https:\/\/ignisfisioterapiagirona.cat\/es\/#website","url":"https:\/\/ignisfisioterapiagirona.cat\/es\/","name":"Ignis Centre de Fisioter\u00e0pia","description":"Fisioter\u00e0pia a Girona","publisher":{"@id":"https:\/\/ignisfisioterapiagirona.cat\/es\/#organization"},"potentialAction":[{"@type":"SearchAction","target":{"@type":"EntryPoint","urlTemplate":"https:\/\/ignisfisioterapiagirona.cat\/es\/?s={search_term_string}"},"query-input":{"@type":"PropertyValueSpecification","valueRequired":true,"valueName":"search_term_string"}}],"inLanguage":"es"},{"@type":"Organization","@id":"https:\/\/ignisfisioterapiagirona.cat\/es\/#organization","name":"Ignis Centre de Fisioter\u00e0pia","url":"https:\/\/ignisfisioterapiagirona.cat\/es\/","logo":{"@type":"ImageObject","inLanguage":"es","@id":"https:\/\/ignisfisioterapiagirona.cat\/es\/#\/schema\/logo\/image\/","url":"https:\/\/ignisfisioterapiagirona.cat\/wp-content\/uploads\/2019\/10\/LOGO-ignis.jpg","contentUrl":"https:\/\/ignisfisioterapiagirona.cat\/wp-content\/uploads\/2019\/10\/LOGO-ignis.jpg","width":200,"height":81,"caption":"Ignis Centre de Fisioter\u00e0pia"},"image":{"@id":"https:\/\/ignisfisioterapiagirona.cat\/es\/#\/schema\/logo\/image\/"}}]}},"_links":{"self":[{"href":"https:\/\/ignisfisioterapiagirona.cat\/es\/wp-json\/wp\/v2\/pages\/9461","targetHints":{"allow":["GET"]}}],"collection":[{"href":"https:\/\/ignisfisioterapiagirona.cat\/es\/wp-json\/wp\/v2\/pages"}],"about":[{"href":"https:\/\/ignisfisioterapiagirona.cat\/es\/wp-json\/wp\/v2\/types\/page"}],"author":[{"embeddable":true,"href":"https:\/\/ignisfisioterapiagirona.cat\/es\/wp-json\/wp\/v2\/users\/1"}],"replies":[{"embeddable":true,"href":"https:\/\/ignisfisioterapiagirona.cat\/es\/wp-json\/wp\/v2\/comments?post=9461"}],"version-history":[{"count":0,"href":"https:\/\/ignisfisioterapiagirona.cat\/es\/wp-json\/wp\/v2\/pages\/9461\/revisions"}],"wp:attachment":[{"href":"https:\/\/ignisfisioterapiagirona.cat\/es\/wp-json\/wp\/v2\/media?parent=9461"}],"curies":[{"name":"wp","href":"https:\/\/api.w.org\/{rel}","templated":true}]}}