{"id":9474,"date":"2019-10-14T20:26:09","date_gmt":"2019-10-14T20:26:09","guid":{"rendered":"https:\/\/ignisfisioterapiagirona.cat\/contacte\/"},"modified":"2026-01-13T13:37:35","modified_gmt":"2026-01-13T13:37:35","slug":"contacto","status":"publish","type":"page","link":"https:\/\/ignisfisioterapiagirona.cat\/es\/contacto\/","title":{"rendered":"Contacto"},"content":{"rendered":"<p>[et_pb_section fb_built=\u00bb1&#8243; _builder_version=\u00bb4.16&#8243; background_color_gradient_direction=\u00bb135deg\u00bb background_image=\u00bbhttps:\/\/ignisfisioterapiagirona.cat\/wp-content\/uploads\/2019\/03\/pilates-girona.jpg\u00bb custom_padding=\u00bb270px|0px|119px|0px|false|false\u00bb box_shadow_style=\u00bbpreset1&#8243; box_shadow_vertical=\u00bb-6px\u00bb box_shadow_color=\u00bbrgba(0,0,0,0.15)\u00bb box_shadow_position=\u00bbinner\u00bb global_colors_info=\u00bb{}\u00bb][et_pb_row _builder_version=\u00bb4.16&#8243; custom_padding=\u00bb0|0px|0|0px|false|false\u00bb animation_style=\u00bbslide\u00bb animation_direction=\u00bbbottom\u00bb animation_duration=\u00bb2000ms\u00bb animation_intensity_slide=\u00bb4%\u00bb global_colors_info=\u00bb{}\u00bb][et_pb_column type=\u00bb4_4&#8243; _builder_version=\u00bb4.16&#8243; custom_padding=\u00bb|||\u00bb global_colors_info=\u00bb{}\u00bb custom_padding__hover=\u00bb|||\u00bb][et_pb_text _builder_version=\u00bb4.16&#8243; header_font=\u00bb|800||on|||||\u00bb header_text_align=\u00bbcenter\u00bb header_text_color=\u00bb#ffffff\u00bb header_font_size=\u00bb70px\u00bb custom_margin=\u00bb||15px\u00bb header_font_size_tablet=\u00bb\u00bb header_font_size_phone=\u00bb48px\u00bb header_font_size_last_edited=\u00bbon|phone\u00bb global_colors_info=\u00bb{}\u00bb]<\/p>\n<h1>Contacto<\/h1>\n<p>[\/et_pb_text][\/et_pb_column][\/et_pb_row][\/et_pb_section][et_pb_section fb_built=\u00bb1&#8243; _builder_version=\u00bb4.16&#8243; custom_padding=\u00bb54px|0px|0|0px|false|false\u00bb global_colors_info=\u00bb{}\u00bb][et_pb_row _builder_version=\u00bb4.16&#8243; global_colors_info=\u00bb{}\u00bb][et_pb_column type=\u00bb4_4&#8243; _builder_version=\u00bb4.16&#8243; custom_padding=\u00bb|||\u00bb global_colors_info=\u00bb{}\u00bb custom_padding__hover=\u00bb|||\u00bb][et_pb_text _builder_version=\u00bb4.16&#8243; header_font=\u00bb||||||||\u00bb header_2_font=\u00bb|800|||||||\u00bb header_2_text_align=\u00bbcenter\u00bb header_2_font_size=\u00bb48px\u00bb custom_margin=\u00bb||35px\u00bb animation_style=\u00bbslide\u00bb animation_direction=\u00bbleft\u00bb animation_duration=\u00bb2000ms\u00bb animation_intensity_slide=\u00bb8%\u00bb header_2_font_size_tablet=\u00bb\u00bb header_2_font_size_phone=\u00bb40px\u00bb header_2_font_size_last_edited=\u00bbon|phone\u00bb global_colors_info=\u00bb{}\u00bb]<\/p>\n<h2>Pide cita<\/h2>\n<p>[\/et_pb_text][et_pb_divider divider_weight=\u00bb7px\u00bb _builder_version=\u00bb4.16&#8243; max_width=\u00bb16%\u00bb module_alignment=\u00bbcenter\u00bb animation_direction=\u00bbright\u00bb global_colors_info=\u00bb{}\u00bb][\/et_pb_divider][et_pb_text _builder_version=\u00bb4.16&#8243; text_font=\u00bb||||||||\u00bb text_font_size=\u00bb18px\u00bb text_line_height=\u00bb1.5em\u00bb text_orientation=\u00bbcenter\u00bb max_width=\u00bb65%\u00bb max_width_tablet=\u00bb\u00bb max_width_phone=\u00bb\u00bb max_width_last_edited=\u00bbon|desktop\u00bb module_alignment=\u00bbcenter\u00bb global_colors_info=\u00bb{}\u00bb]<\/p>\n<p><span class=\"st\">Para cualquier duda o pregunta no dudes en contactar con nosotros. <br \/><\/span><\/p>\n<p>[\/et_pb_text][\/et_pb_column][\/et_pb_row][\/et_pb_section][et_pb_section fb_built=\u00bb1&#8243; specialty=\u00bbon\u00bb padding_top_1=\u00bb30px\u00bb _builder_version=\u00bb4.16&#8243; custom_padding=\u00bb0px|0px|54px|0px|false|false\u00bb global_colors_info=\u00bb{}\u00bb][et_pb_column type=\u00bb1_2&#8243; specialty_columns=\u00bb2&#8243; _builder_version=\u00bb4.16&#8243; custom_padding=\u00bb|||\u00bb global_colors_info=\u00bb{}\u00bb custom_padding__hover=\u00bb|||\u00bb][et_pb_row_inner column_structure=\u00bb1_2,1_2&#8243; custom_padding_last_edited=\u00bbon|phone\u00bb _builder_version=\u00bb4.16&#8243; custom_padding=\u00bb35px|0px|30px|0px|false|false\u00bb custom_padding_tablet=\u00bb0px||\u00bb custom_padding_phone=\u00bb\u00bb global_colors_info=\u00bb{}\u00bb][et_pb_column_inner type=\u00bb1_2&#8243; saved_specialty_column_type=\u00bb1_2&#8243; _builder_version=\u00bb4.16&#8243; custom_padding=\u00bb|||\u00bb global_colors_info=\u00bb{}\u00bb custom_padding__hover=\u00bb|||\u00bb][et_pb_blurb title=\u00bbDirecci\u00f3n\u00bb use_icon=\u00bbon\u00bb font_icon=\u00bb&#xe081;||divi||400&#8243; icon_placement=\u00bbleft\u00bb _builder_version=\u00bb4.16&#8243; header_font=\u00bb|800|||||||\u00bb global_colors_info=\u00bb{}\u00bb]<\/p>\n<p>Pla\u00e7a Marqu\u00e8s de Camps, 9-10, 2n-5a<br \/> <span>17001 GIRONA<br \/><\/span><\/p>\n<p>[\/et_pb_blurb][et_pb_blurb title=\u00bbHorario\u00bb use_icon=\u00bbon\u00bb font_icon=\u00bb&#xe60d;||divi||400&#8243; icon_placement=\u00bbleft\u00bb _builder_version=\u00bb4.27.5&#8243; header_font=\u00bb|800|||||||\u00bb hover_enabled=\u00bb0&#8243; global_colors_info=\u00bb{}\u00bb sticky_enabled=\u00bb0&#8243;]<\/p>\n<p><span>de 09:00h a 20:00h<\/span><\/p>\n<p>[\/et_pb_blurb][et_pb_social_media_follow _builder_version=\u00bb4.27.5&#8243; text_orientation=\u00bbleft\u00bb global_colors_info=\u00bb{}\u00bb][et_pb_social_media_follow_network social_network=\u00bbfacebook\u00bb url=\u00bbhttps:\/\/www.facebook.com\/Ignis-centre-de-fisioter%C3%A0pia-252276111555154\/\u00bb _builder_version=\u00bb4.16&#8243; background_color=\u00bb#3b5998&#8243; global_colors_info=\u00bb{}\u00bb follow_button=\u00bboff\u00bb url_new_window=\u00bbon\u00bb]facebook[\/et_pb_social_media_follow_network][et_pb_social_media_follow_network social_network=\u00bbinstagram\u00bb url=\u00bbhttps:\/\/www.instagram.com\u00bb _builder_version=\u00bb4.16&#8243; background_color=\u00bb#ea2c59&#8243; global_colors_info=\u00bb{}\u00bb follow_button=\u00bboff\u00bb url_new_window=\u00bbon\u00bb]instagram[\/et_pb_social_media_follow_network][\/et_pb_social_media_follow][\/et_pb_column_inner][et_pb_column_inner type=\u00bb1_2&#8243; saved_specialty_column_type=\u00bb1_2&#8243; _builder_version=\u00bb4.16&#8243; custom_padding=\u00bb|||\u00bb global_colors_info=\u00bb{}\u00bb custom_padding__hover=\u00bb|||\u00bb][et_pb_blurb title=\u00bbEmail\u00bb use_icon=\u00bbon\u00bb font_icon=\u00bb&#xe076;||divi||400&#8243; icon_placement=\u00bbleft\u00bb image_icon_width=\u00bb30px\u00bb _builder_version=\u00bb4.16&#8243; header_font=\u00bb|800|||||||\u00bb body_font=\u00bbMontserrat||||||||\u00bb body_font_size=\u00bb14px\u00bb body_line_height=\u00bb1.8em\u00bb icon_font_size=\u00bb30px\u00bb global_colors_info=\u00bb{}\u00bb]<\/p>\n<p><a href=\"ignis@fisioterapeutes.org\">ignis@fisioterapeutes.org<\/a><\/p>\n<p>[\/et_pb_blurb][\/et_pb_column_inner][\/et_pb_row_inner][et_pb_row_inner _builder_version=\u00bb4.16&#8243; use_background_color_gradient=\u00bbon\u00bb background_color_gradient_stops=\u00bbrgba(6,31,92,0.92) 0%|rgba(6,31,92,0.92) 100%\u00bb background_color_gradient_overlays_image=\u00bbon\u00bb background_color_gradient_start=\u00bbrgba(6,31,92,0.92)\u00bb background_color_gradient_end=\u00bbrgba(6,31,92,0.92)\u00bb background_enable_image=\u00bboff\u00bb custom_padding=\u00bb|35px|35px|35px||true\u00bb global_colors_info=\u00bb{}\u00bb][et_pb_column_inner saved_specialty_column_type=\u00bb1_2&#8243; _builder_version=\u00bb4.16&#8243; custom_padding=\u00bb|||\u00bb global_colors_info=\u00bb{}\u00bb custom_padding__hover=\u00bb|||\u00bb][et_pb_text _builder_version=\u00bb4.16&#8243; text_font=\u00bb|800||on|||||\u00bb text_text_color=\u00bb#ffffff\u00bb custom_margin=\u00bb||10px\u00bb global_colors_info=\u00bb{}\u00bb]<\/p>\n<p>PEDIR CITA<\/p>\n<p>[\/et_pb_text][et_pb_text _builder_version=\u00bb4.16&#8243; text_font=\u00bb|800||on|||||\u00bb text_text_color=\u00bb#d38c3f\u00bb text_font_size=\u00bb38px\u00bb text_font_size_tablet=\u00bb\u00bb text_font_size_phone=\u00bb28px\u00bb text_font_size_last_edited=\u00bbon|phone\u00bb global_colors_info=\u00bb{}\u00bb]<\/p>\n<p><span style=\"color: ##ffffff;\"><strong>(+34) 972 225 800<\/strong><\/span><\/p>\n<p>[\/et_pb_text][\/et_pb_column_inner][\/et_pb_row_inner][\/et_pb_column][et_pb_column type=\u00bb1_2&#8243; _builder_version=\u00bb4.16&#8243; custom_padding=\u00bb|||\u00bb global_colors_info=\u00bb{}\u00bb custom_padding__hover=\u00bb|||\u00bb][et_pb_text _builder_version=\u00bb4.16&#8243; global_colors_info=\u00bb{}\u00bb]<\/p>\n\n<div class=\"wpcf7 no-js\" id=\"wpcf7-f9529-o1\" lang=\"ca\" dir=\"ltr\" data-wpcf7-id=\"9529\">\n<div class=\"screen-reader-response\"><p role=\"status\" aria-live=\"polite\" aria-atomic=\"true\"><\/p> <ul><\/ul><\/div>\n<form action=\"\/es\/wp-json\/wp\/v2\/pages\/9474#wpcf7-f9529-o1\" method=\"post\" class=\"wpcf7-form init\" aria-label=\"Formulari de contacte\" novalidate=\"novalidate\" data-status=\"init\">\n<fieldset class=\"hidden-fields-container\"><input type=\"hidden\" name=\"_wpcf7\" value=\"9529\" \/><input type=\"hidden\" name=\"_wpcf7_version\" value=\"6.1.5\" \/><input type=\"hidden\" name=\"_wpcf7_locale\" value=\"ca\" \/><input type=\"hidden\" name=\"_wpcf7_unit_tag\" value=\"wpcf7-f9529-o1\" \/><input type=\"hidden\" name=\"_wpcf7_container_post\" value=\"0\" \/><input type=\"hidden\" name=\"_wpcf7_posted_data_hash\" value=\"\" \/>\n<\/fieldset>\n<p><label> Nombre (obligatorio)<br \/>\n<span class=\"wpcf7-form-control-wrap\" data-name=\"your-name\"><input size=\"40\" maxlength=\"400\" class=\"wpcf7-form-control wpcf7-text wpcf7-validates-as-required\" aria-required=\"true\" aria-invalid=\"false\" value=\"\" type=\"text\" name=\"your-name\" \/><\/span> <\/label>\n<\/p>\n<p><label> Correo electr\u00f3nico (obligatorio)<br \/>\n<span class=\"wpcf7-form-control-wrap\" data-name=\"your-email\"><input size=\"40\" maxlength=\"400\" class=\"wpcf7-form-control wpcf7-email wpcf7-validates-as-required wpcf7-text wpcf7-validates-as-email\" aria-required=\"true\" aria-invalid=\"false\" value=\"\" type=\"email\" name=\"your-email\" \/><\/span> <\/label>\n<\/p>\n<p><label> Asunto<br \/>\n<span class=\"wpcf7-form-control-wrap\" data-name=\"your-subject\"><input size=\"40\" maxlength=\"400\" class=\"wpcf7-form-control wpcf7-text\" aria-invalid=\"false\" value=\"\" type=\"text\" name=\"your-subject\" \/><\/span> <\/label>\n<\/p>\n<p><label> Mensaje<br \/>\n<span class=\"wpcf7-form-control-wrap\" data-name=\"your-message\"><textarea cols=\"40\" rows=\"10\" maxlength=\"2000\" class=\"wpcf7-form-control wpcf7-textarea\" aria-invalid=\"false\" name=\"your-message\"><\/textarea><\/span> <\/label>\n<\/p>\n<p><span class=\"wpcf7-form-control-wrap\" data-name=\"acceptance-101\"><span class=\"wpcf7-form-control wpcf7-acceptance optional\"><span class=\"wpcf7-list-item\"><input type=\"checkbox\" name=\"acceptance-101\" value=\"1\" aria-invalid=\"false\" \/><\/span><\/span><\/span> He le\u00eddo y acepto la <a target=\"_blank\" rel=\"nofollow noopener noreferrer\" href=\"https:\/\/ignisfisioterapiagirona.cat\/politica-de-privacitat\/\">Politica de Privacidad<\/a>.\n<\/p>\n<p><input class=\"wpcf7-form-control wpcf7-submit has-spinner\" type=\"submit\" value=\"Enviar\" \/>\n<\/p><div class=\"wpcf7-response-output\" aria-hidden=\"true\"><\/div>\n<\/form>\n<\/div>\n\n<p>[\/et_pb_text][\/et_pb_column][\/et_pb_section][et_pb_section fb_built=\u00bb1&#8243; _builder_version=\u00bb4.16&#8243; custom_padding=\u00bb0px|||||\u00bb global_colors_info=\u00bb{}\u00bb][et_pb_row _builder_version=\u00bb4.16&#8243; custom_padding=\u00bb6px|||||\u00bb global_colors_info=\u00bb{}\u00bb][et_pb_column type=\u00bb4_4&#8243; _builder_version=\u00bb4.16&#8243; global_colors_info=\u00bb{}\u00bb][et_pb_text _builder_version=\u00bb4.16&#8243; global_colors_info=\u00bb{}\u00bb]<iframe loading=\"lazy\" src=\"https:\/\/www.google.com\/maps\/embed?pb=!1m14!1m8!1m3!1d11863.43599750786!2d2.818769!3d41.981837000000006!3m2!1i1024!2i768!4f13.1!3m3!1m2!1s0x0%3A0x7af8359562274e08!2sIgnis%20Centre%20De%20Fisioterapia!5e0!3m2!1ses!2ses!4v1571922609836!5m2!1ses!2ses\" width=\"1080\" height=\"400\" frameborder=\"0\" style=\"border:0;\" allowfullscreen=\"\"><\/iframe>[\/et_pb_text][\/et_pb_column][\/et_pb_row][\/et_pb_section]<\/p>\n","protected":false},"excerpt":{"rendered":"<p>ContactoPide citaPara cualquier duda o pregunta no dudes en contactar con nosotros. Pla\u00e7a Marqu\u00e8s de Camps, 9-10, 2n-5a 17001 GIRONAde 09:00h a 20:00hignis@fisioterapeutes.orgPEDIR CITA(+34) 972 225 800\n<div class=\"wpcf7 no-js\" id=\"wpcf7-f9529-o2\" lang=\"ca\" dir=\"ltr\" data-wpcf7-id=\"9529\">\n<div class=\"screen-reader-response\"><p role=\"status\" aria-live=\"polite\" aria-atomic=\"true\"><\/p> <ul><\/ul><\/div>\n<form action=\"\/es\/wp-json\/wp\/v2\/pages\/9474#wpcf7-f9529-o2\" method=\"post\" class=\"wpcf7-form init\" aria-label=\"Formulari de contacte\" novalidate=\"novalidate\" data-status=\"init\">\n<fieldset class=\"hidden-fields-container\"><input type=\"hidden\" name=\"_wpcf7\" value=\"9529\" \/><input type=\"hidden\" name=\"_wpcf7_version\" value=\"6.1.5\" \/><input type=\"hidden\" name=\"_wpcf7_locale\" value=\"ca\" \/><input type=\"hidden\" name=\"_wpcf7_unit_tag\" value=\"wpcf7-f9529-o2\" \/><input type=\"hidden\" name=\"_wpcf7_container_post\" value=\"0\" \/><input type=\"hidden\" name=\"_wpcf7_posted_data_hash\" value=\"\" \/>\n<\/fieldset>\n<p><label> Nombre (obligatorio)<br \/>\n<span class=\"wpcf7-form-control-wrap\" data-name=\"your-name\"><input size=\"40\" maxlength=\"400\" class=\"wpcf7-form-control wpcf7-text wpcf7-validates-as-required\" aria-required=\"true\" aria-invalid=\"false\" value=\"\" type=\"text\" name=\"your-name\" \/><\/span> <\/label>\n<\/p>\n<p><label> Correo electr\u00f3nico (obligatorio)<br \/>\n<span class=\"wpcf7-form-control-wrap\" data-name=\"your-email\"><input size=\"40\" maxlength=\"400\" class=\"wpcf7-form-control wpcf7-email wpcf7-validates-as-required wpcf7-text wpcf7-validates-as-email\" aria-required=\"true\" aria-invalid=\"false\" value=\"\" type=\"email\" name=\"your-email\" \/><\/span> <\/label>\n<\/p>\n<p><label> Asunto<br \/>\n<span class=\"wpcf7-form-control-wrap\" data-name=\"your-subject\"><input size=\"40\" maxlength=\"400\" class=\"wpcf7-form-control wpcf7-text\" aria-invalid=\"false\" value=\"\" type=\"text\" name=\"your-subject\" \/><\/span> <\/label>\n<\/p>\n<p><label> Mensaje<br \/>\n<span class=\"wpcf7-form-control-wrap\" data-name=\"your-message\"><textarea cols=\"40\" rows=\"10\" maxlength=\"2000\" class=\"wpcf7-form-control wpcf7-textarea\" aria-invalid=\"false\" name=\"your-message\"><\/textarea><\/span> <\/label>\n<\/p>\n<p><span class=\"wpcf7-form-control-wrap\" data-name=\"acceptance-101\"><span class=\"wpcf7-form-control wpcf7-acceptance optional\"><span class=\"wpcf7-list-item\"><input type=\"checkbox\" name=\"acceptance-101\" value=\"1\" aria-invalid=\"false\" \/><\/span><\/span><\/span> He le\u00eddo y acepto la <a target=\"_blank\" rel=\"nofollow noopener noreferrer\" href=\"https:\/\/ignisfisioterapiagirona.cat\/politica-de-privacitat\/\">Politica de Privacidad<\/a>.\n<\/p>\n<p><input class=\"wpcf7-form-control wpcf7-submit has-spinner\" type=\"submit\" value=\"Enviar\" \/>\n<\/p><div class=\"wpcf7-response-output\" aria-hidden=\"true\"><\/div>\n<\/form>\n<\/div>\n<\/p>\n","protected":false},"author":1,"featured_media":0,"parent":0,"menu_order":0,"comment_status":"closed","ping_status":"closed","template":"","meta":{"_et_pb_use_builder":"on","_et_pb_old_content":"","_et_gb_content_width":"","footnotes":""},"class_list":["post-9474","page","type-page","status-publish","hentry"],"yoast_head":"<!-- This site is optimized with the Yoast SEO plugin v27.4 - https:\/\/yoast.com\/product\/yoast-seo-wordpress\/ -->\n<title>Contacto | Ignis Centre de Fisioter\u00e0pia<\/title>\n<meta name=\"description\" content=\"Contacto de Ignis Centro de Fisioterapia a a Girona. Pla\u00e7a Marqu\u00e8s de Camps, 9-10, 2n-5a, 17001 GIRONA. Tel\u00e9fono (+34) 972 225 800.\" \/>\n<meta name=\"robots\" content=\"index, follow, max-snippet:-1, max-image-preview:large, max-video-preview:-1\" \/>\n<link rel=\"canonical\" href=\"https:\/\/ignisfisioterapiagirona.cat\/es\/contacto\/\" \/>\n<meta property=\"og:locale\" content=\"es_ES\" \/>\n<meta property=\"og:type\" content=\"article\" \/>\n<meta property=\"og:title\" content=\"Contacto | Ignis Centre de Fisioter\u00e0pia\" \/>\n<meta property=\"og:description\" content=\"Contacto de Ignis Centro de Fisioterapia a a Girona. Pla\u00e7a Marqu\u00e8s de Camps, 9-10, 2n-5a, 17001 GIRONA. Tel\u00e9fono (+34) 972 225 800.\" \/>\n<meta property=\"og:url\" content=\"https:\/\/ignisfisioterapiagirona.cat\/es\/contacto\/\" \/>\n<meta property=\"og:site_name\" content=\"Ignis Centre de Fisioter\u00e0pia\" \/>\n<meta property=\"article:modified_time\" content=\"2026-01-13T13:37:35+00:00\" \/>\n<meta name=\"twitter:card\" content=\"summary_large_image\" \/>\n<meta name=\"twitter:label1\" content=\"Tiempo de lectura\" \/>\n\t<meta name=\"twitter:data1\" content=\"4 minutos\" \/>\n<script type=\"application\/ld+json\" class=\"yoast-schema-graph\">{\"@context\":\"https:\\\/\\\/schema.org\",\"@graph\":[{\"@type\":\"WebPage\",\"@id\":\"https:\\\/\\\/ignisfisioterapiagirona.cat\\\/es\\\/contacto\\\/\",\"url\":\"https:\\\/\\\/ignisfisioterapiagirona.cat\\\/es\\\/contacto\\\/\",\"name\":\"Contacto | Ignis Centre de Fisioter\u00e0pia\",\"isPartOf\":{\"@id\":\"https:\\\/\\\/ignisfisioterapiagirona.cat\\\/es\\\/#website\"},\"datePublished\":\"2019-10-14T20:26:09+00:00\",\"dateModified\":\"2026-01-13T13:37:35+00:00\",\"description\":\"Contacto de Ignis Centro de Fisioterapia a a Girona. Pla\u00e7a Marqu\u00e8s de Camps, 9-10, 2n-5a, 17001 GIRONA. Tel\u00e9fono (+34) 972 225 800.\",\"breadcrumb\":{\"@id\":\"https:\\\/\\\/ignisfisioterapiagirona.cat\\\/es\\\/contacto\\\/#breadcrumb\"},\"inLanguage\":\"es\",\"potentialAction\":[{\"@type\":\"ReadAction\",\"target\":[\"https:\\\/\\\/ignisfisioterapiagirona.cat\\\/es\\\/contacto\\\/\"]}]},{\"@type\":\"BreadcrumbList\",\"@id\":\"https:\\\/\\\/ignisfisioterapiagirona.cat\\\/es\\\/contacto\\\/#breadcrumb\",\"itemListElement\":[{\"@type\":\"ListItem\",\"position\":1,\"name\":\"Home\",\"item\":\"https:\\\/\\\/ignisfisioterapiagirona.cat\\\/es\\\/\"},{\"@type\":\"ListItem\",\"position\":2,\"name\":\"Contacto\"}]},{\"@type\":\"WebSite\",\"@id\":\"https:\\\/\\\/ignisfisioterapiagirona.cat\\\/es\\\/#website\",\"url\":\"https:\\\/\\\/ignisfisioterapiagirona.cat\\\/es\\\/\",\"name\":\"Ignis Centre de Fisioter\u00e0pia\",\"description\":\"Fisioter\u00e0pia a Girona\",\"publisher\":{\"@id\":\"https:\\\/\\\/ignisfisioterapiagirona.cat\\\/es\\\/#organization\"},\"potentialAction\":[{\"@type\":\"SearchAction\",\"target\":{\"@type\":\"EntryPoint\",\"urlTemplate\":\"https:\\\/\\\/ignisfisioterapiagirona.cat\\\/es\\\/?s={search_term_string}\"},\"query-input\":{\"@type\":\"PropertyValueSpecification\",\"valueRequired\":true,\"valueName\":\"search_term_string\"}}],\"inLanguage\":\"es\"},{\"@type\":\"Organization\",\"@id\":\"https:\\\/\\\/ignisfisioterapiagirona.cat\\\/es\\\/#organization\",\"name\":\"Ignis Centre de Fisioter\u00e0pia\",\"url\":\"https:\\\/\\\/ignisfisioterapiagirona.cat\\\/es\\\/\",\"logo\":{\"@type\":\"ImageObject\",\"inLanguage\":\"es\",\"@id\":\"https:\\\/\\\/ignisfisioterapiagirona.cat\\\/es\\\/#\\\/schema\\\/logo\\\/image\\\/\",\"url\":\"https:\\\/\\\/ignisfisioterapiagirona.cat\\\/wp-content\\\/uploads\\\/2019\\\/10\\\/LOGO-ignis.jpg\",\"contentUrl\":\"https:\\\/\\\/ignisfisioterapiagirona.cat\\\/wp-content\\\/uploads\\\/2019\\\/10\\\/LOGO-ignis.jpg\",\"width\":200,\"height\":81,\"caption\":\"Ignis Centre de Fisioter\u00e0pia\"},\"image\":{\"@id\":\"https:\\\/\\\/ignisfisioterapiagirona.cat\\\/es\\\/#\\\/schema\\\/logo\\\/image\\\/\"}}]}<\/script>\n<!-- \/ Yoast SEO plugin. -->","yoast_head_json":{"title":"Contacto | Ignis Centre de Fisioter\u00e0pia","description":"Contacto de Ignis Centro de Fisioterapia a a Girona. Pla\u00e7a Marqu\u00e8s de Camps, 9-10, 2n-5a, 17001 GIRONA. Tel\u00e9fono (+34) 972 225 800.","robots":{"index":"index","follow":"follow","max-snippet":"max-snippet:-1","max-image-preview":"max-image-preview:large","max-video-preview":"max-video-preview:-1"},"canonical":"https:\/\/ignisfisioterapiagirona.cat\/es\/contacto\/","og_locale":"es_ES","og_type":"article","og_title":"Contacto | Ignis Centre de Fisioter\u00e0pia","og_description":"Contacto de Ignis Centro de Fisioterapia a a Girona. Pla\u00e7a Marqu\u00e8s de Camps, 9-10, 2n-5a, 17001 GIRONA. Tel\u00e9fono (+34) 972 225 800.","og_url":"https:\/\/ignisfisioterapiagirona.cat\/es\/contacto\/","og_site_name":"Ignis Centre de Fisioter\u00e0pia","article_modified_time":"2026-01-13T13:37:35+00:00","twitter_card":"summary_large_image","twitter_misc":{"Tiempo de lectura":"4 minutos"},"schema":{"@context":"https:\/\/schema.org","@graph":[{"@type":"WebPage","@id":"https:\/\/ignisfisioterapiagirona.cat\/es\/contacto\/","url":"https:\/\/ignisfisioterapiagirona.cat\/es\/contacto\/","name":"Contacto | Ignis Centre de Fisioter\u00e0pia","isPartOf":{"@id":"https:\/\/ignisfisioterapiagirona.cat\/es\/#website"},"datePublished":"2019-10-14T20:26:09+00:00","dateModified":"2026-01-13T13:37:35+00:00","description":"Contacto de Ignis Centro de Fisioterapia a a Girona. Pla\u00e7a Marqu\u00e8s de Camps, 9-10, 2n-5a, 17001 GIRONA. Tel\u00e9fono (+34) 972 225 800.","breadcrumb":{"@id":"https:\/\/ignisfisioterapiagirona.cat\/es\/contacto\/#breadcrumb"},"inLanguage":"es","potentialAction":[{"@type":"ReadAction","target":["https:\/\/ignisfisioterapiagirona.cat\/es\/contacto\/"]}]},{"@type":"BreadcrumbList","@id":"https:\/\/ignisfisioterapiagirona.cat\/es\/contacto\/#breadcrumb","itemListElement":[{"@type":"ListItem","position":1,"name":"Home","item":"https:\/\/ignisfisioterapiagirona.cat\/es\/"},{"@type":"ListItem","position":2,"name":"Contacto"}]},{"@type":"WebSite","@id":"https:\/\/ignisfisioterapiagirona.cat\/es\/#website","url":"https:\/\/ignisfisioterapiagirona.cat\/es\/","name":"Ignis Centre de Fisioter\u00e0pia","description":"Fisioter\u00e0pia a Girona","publisher":{"@id":"https:\/\/ignisfisioterapiagirona.cat\/es\/#organization"},"potentialAction":[{"@type":"SearchAction","target":{"@type":"EntryPoint","urlTemplate":"https:\/\/ignisfisioterapiagirona.cat\/es\/?s={search_term_string}"},"query-input":{"@type":"PropertyValueSpecification","valueRequired":true,"valueName":"search_term_string"}}],"inLanguage":"es"},{"@type":"Organization","@id":"https:\/\/ignisfisioterapiagirona.cat\/es\/#organization","name":"Ignis Centre de Fisioter\u00e0pia","url":"https:\/\/ignisfisioterapiagirona.cat\/es\/","logo":{"@type":"ImageObject","inLanguage":"es","@id":"https:\/\/ignisfisioterapiagirona.cat\/es\/#\/schema\/logo\/image\/","url":"https:\/\/ignisfisioterapiagirona.cat\/wp-content\/uploads\/2019\/10\/LOGO-ignis.jpg","contentUrl":"https:\/\/ignisfisioterapiagirona.cat\/wp-content\/uploads\/2019\/10\/LOGO-ignis.jpg","width":200,"height":81,"caption":"Ignis Centre de Fisioter\u00e0pia"},"image":{"@id":"https:\/\/ignisfisioterapiagirona.cat\/es\/#\/schema\/logo\/image\/"}}]}},"_links":{"self":[{"href":"https:\/\/ignisfisioterapiagirona.cat\/es\/wp-json\/wp\/v2\/pages\/9474","targetHints":{"allow":["GET"]}}],"collection":[{"href":"https:\/\/ignisfisioterapiagirona.cat\/es\/wp-json\/wp\/v2\/pages"}],"about":[{"href":"https:\/\/ignisfisioterapiagirona.cat\/es\/wp-json\/wp\/v2\/types\/page"}],"author":[{"embeddable":true,"href":"https:\/\/ignisfisioterapiagirona.cat\/es\/wp-json\/wp\/v2\/users\/1"}],"replies":[{"embeddable":true,"href":"https:\/\/ignisfisioterapiagirona.cat\/es\/wp-json\/wp\/v2\/comments?post=9474"}],"version-history":[{"count":3,"href":"https:\/\/ignisfisioterapiagirona.cat\/es\/wp-json\/wp\/v2\/pages\/9474\/revisions"}],"predecessor-version":[{"id":10506,"href":"https:\/\/ignisfisioterapiagirona.cat\/es\/wp-json\/wp\/v2\/pages\/9474\/revisions\/10506"}],"wp:attachment":[{"href":"https:\/\/ignisfisioterapiagirona.cat\/es\/wp-json\/wp\/v2\/media?parent=9474"}],"curies":[{"name":"wp","href":"https:\/\/api.w.org\/{rel}","templated":true}]}}